{"id":52,"date":"2020-07-13T14:10:42","date_gmt":"2020-07-13T14:10:42","guid":{"rendered":"https:\/\/www.gut-muellerhof.de\/?page_id=52"},"modified":"2021-04-12T09:10:26","modified_gmt":"2021-04-12T09:10:26","slug":"making-of","status":"publish","type":"page","link":"https:\/\/www.gut-muellerhof.de\/?page_id=52","title":{"rendered":"Unsere Ziele"},"content":{"rendered":"<p>[et_pb_section fb_built=&#8220;1&#8243; admin_label=&#8220;Header&#8220; _builder_version=&#8220;4.6.5&#8243; use_background_color_gradient=&#8220;on&#8220; background_color_gradient_start=&#8220;rgba(31,31,38,0.88)&#8220; background_color_gradient_end=&#8220;rgba(31,31,38,0.24)&#8220; background_color_gradient_overlays_image=&#8220;on&#8220; background_image=&#8220;https:\/\/www.gut-muellerhof.de\/wp-content\/uploads\/2020\/11\/Querformat-Startseite-3.jpg&#8220; min_height=&#8220;267px&#8220; height=&#8220;695px&#8220; custom_padding=&#8220;6vw||0px||false|false&#8220;][et_pb_row custom_padding_last_edited=&#8220;on|desktop&#8220; _builder_version=&#8220;4.6.0&#8243; background_enable_image=&#8220;off&#8220; width=&#8220;89%&#8220; max_width=&#8220;1229%&#8220; min_height=&#8220;309px&#8220; height=&#8220;197px&#8220; max_height=&#8220;266px&#8220; custom_margin=&#8220;150px||||false|false&#8220; custom_margin_tablet=&#8220;|auto||0px|false|false&#8220; custom_margin_last_edited=&#8220;off|desktop&#8220; custom_padding=&#8220;0vw|20px|14vw|20px|false|true&#8220; custom_padding_tablet=&#8220;16vw||16vw||true|false&#8220; custom_padding_phone=&#8220;||||false|false&#8220; border_color_all=&#8220;#1f1f26&#8243; border_style_all=&#8220;none&#8220; border_width_right=&#8220;8vw&#8220; locked=&#8220;off&#8220;][et_pb_column type=&#8220;4_4&#8243; _builder_version=&#8220;4.4.4&#8243;][et_pb_text _builder_version=&#8220;4.6.0&#8243; header_font=&#8220;Prata||||||||&#8220; header_text_align=&#8220;center&#8220; header_font_size=&#8220;120px&#8220; header_line_height=&#8220;1.2em&#8220; background_layout=&#8220;dark&#8220; header_font_size_tablet=&#8220;60px&#8220; header_font_size_phone=&#8220;35px&#8220; header_font_size_last_edited=&#8220;on|phone&#8220;]<\/p>\n<h1>Unsere Ziele<\/h1>\n<p>[\/et_pb_text][\/et_pb_column][\/et_pb_row][et_pb_row _builder_version=&#8220;4.6.0&#8243; _module_preset=&#8220;default&#8220;][et_pb_column type=&#8220;4_4&#8243; _builder_version=&#8220;4.6.0&#8243; _module_preset=&#8220;default&#8220;][\/et_pb_column][\/et_pb_row][\/et_pb_section][et_pb_section fb_built=&#8220;1&#8243; admin_label=&#8220;Services&#8220; _builder_version=&#8220;4.4.4&#8243; title_text_tablet=&#8220;upholsterer-41&#8243;][et_pb_row column_structure=&#8220;1_2,1_2&#8243; _builder_version=&#8220;4.4.4&#8243; custom_margin=&#8220;6%||6%||true|false&#8220; custom_padding=&#8220;||||false|false&#8220;][et_pb_column type=&#8220;1_2&#8243; _builder_version=&#8220;4.4.4&#8243; border_width_all=&#8220;2px&#8220; border_color_all=&#8220;#bea88f&#8220;][et_pb_blurb title=&#8220;Gut M\u00fcllerhof zur Motte&#8220; image=&#8220;https:\/\/www.gut-muellerhof.de\/wp-content\/uploads\/2020\/11\/Querformat-Kontaktformular-1.jpg&#8220; content_max_width=&#8220;100%&#8220; _builder_version=&#8220;4.6.5&#8243; header_level=&#8220;h3&#8243; header_font=&#8220;Prata||||||||&#8220; header_font_size=&#8220;35px&#8220; header_line_height=&#8220;1.2em&#8220; transform_translate=&#8220;-10%|-10%&#8220; text_orientation=&#8220;right&#8220; animation_style=&#8220;slide&#8220; animation_direction=&#8220;bottom&#8220; animation_duration=&#8220;700ms&#8220; animation_intensity_slide=&#8220;2%&#8220; animation=&#8220;off&#8220; header_font_size_tablet=&#8220;28px&#8220; header_font_size_phone=&#8220;22px&#8220; header_font_size_last_edited=&#8220;on|phone&#8220; locked=&#8220;off&#8220;][\/et_pb_blurb][\/et_pb_column][et_pb_column type=&#8220;1_2&#8243; _builder_version=&#8220;4.4.4&#8243; custom_padding=&#8220;||80px||false|false&#8220;][et_pb_text _builder_version=&#8220;4.6.0&#8243; header_2_font=&#8220;Prata||||||||&#8220; header_2_line_height=&#8220;1.8em&#8220; header_4_font=&#8220;|700||on|||||&#8220; header_4_text_color=&#8220;#bea88f&#8220; header_4_font_size=&#8220;12px&#8220; header_4_letter_spacing=&#8220;2.6px&#8220; header_4_line_height=&#8220;1.6em&#8220; header_2_font_size_tablet=&#8220;22px&#8220; header_2_font_size_phone=&#8220;20px&#8220; header_2_font_size_last_edited=&#8220;on|phone&#8220; header_4_font_size_tablet=&#8220;&#8220; header_4_font_size_phone=&#8220;&#8220; header_4_font_size_last_edited=&#8220;on|phone&#8220; locked=&#8220;off&#8220;]<\/p>\n<h4>GUT M\u00dcLLERHOF zur MOTTE<\/h4>\n<h2>Das h\u00f6chste Gut verwirklichen \u2013 <br \/>ein Lebensraum inmitten der Natur \u2013 <br \/>das Gut mit Leben erf\u00fcllen.<\/h2>\n<p>[\/et_pb_text][et_pb_text _builder_version=&#8220;4.6.0&#8243; text_line_height=&#8220;2em&#8220; max_width=&#8220;350px&#8220; locked=&#8220;off&#8220;]<\/p>\n<p>Die Vision von Erbauer Otto Kunze soll Wirklichkeit werden. So lassen wir hier eine Symbiose entstehen aus Guts-Charakter, Landwirtschaft, Gest\u00fct. Nach traditionellem Vorbild \u2013 vereint mit der Modernen, aus den errichteten Gutsgeb\u00e4uden weitere Gestaltungsm\u00f6glichkeiten \u2013 wie z.B. ein Gutshotel-Betrieb mit Restaurant und Orangerie \u2013\u00a0 entstehen zu lassen.<\/p>\n<p>[\/et_pb_text][et_pb_button button_url=&#8220;mailto:info@gestuet-gut-muellerhof.de&#8220; button_text=&#8220;Kontaktieren Sie uns&#8220; _builder_version=&#8220;4.9.2&#8243; custom_button=&#8220;on&#8220; button_text_size=&#8220;12px&#8220; button_text_color=&#8220;#bea88f&#8220; button_bg_color=&#8220;rgba(0,0,0,0)&#8220; button_border_width=&#8220;2px&#8220; button_border_color=&#8220;#bea88f&#8220; button_border_radius=&#8220;0px&#8220; button_letter_spacing=&#8220;2px&#8220; button_font=&#8220;|700||on|||||&#8220; background_layout=&#8220;dark&#8220; custom_padding=&#8220;20px|40px|20px|40px|true|true&#8220; hover_enabled=&#8220;0&#8243; button_bg_color_last_edited=&#8220;off|desktop&#8220; locked=&#8220;off&#8220; button_bg_color__hover_enabled=&#8220;on|hover&#8220; button_bg_color__hover=&#8220;#bea88f&#8220; button_bg_enable_color__hover=&#8220;on&#8220; button_text_color__hover_enabled=&#8220;on|hover&#8220; button_text_color__hover=&#8220;#ffffff&#8220; sticky_enabled=&#8220;0&#8243;][\/et_pb_button][\/et_pb_column][\/et_pb_row][et_pb_row column_structure=&#8220;1_2,1_2&#8243; _builder_version=&#8220;4.4.4&#8243; custom_margin=&#8220;6%||6%||true|false&#8220; custom_padding=&#8220;||||false|false&#8220;][et_pb_column type=&#8220;1_2&#8243; _builder_version=&#8220;4.4.4&#8243; custom_padding=&#8220;||80px||false|false&#8220;][et_pb_text _builder_version=&#8220;4.6.0&#8243; header_2_font=&#8220;Prata||||||||&#8220; header_2_line_height=&#8220;1.8em&#8220; header_4_font=&#8220;|700||on|||||&#8220; header_4_text_color=&#8220;#bea88f&#8220; header_4_font_size=&#8220;12px&#8220; header_4_letter_spacing=&#8220;2.6px&#8220; header_4_line_height=&#8220;1.6em&#8220; header_2_font_size_tablet=&#8220;22px&#8220; header_2_font_size_phone=&#8220;20px&#8220; header_2_font_size_last_edited=&#8220;on|phone&#8220; header_4_font_size_tablet=&#8220;&#8220; header_4_font_size_phone=&#8220;&#8220; header_4_font_size_last_edited=&#8220;on|phone&#8220; locked=&#8220;off&#8220;]<\/p>\n<h4>Quod credimus \u2013 quod damus<\/h4>\n<h2>Dieses Projekt entspricht der Geisteshaltung des Gut Mu\u0308llerhofs: Quod credimus \u2013 quod damus<br \/>(was wir nehmen \u2013 was wir geben)<\/h2>\n<p>[\/et_pb_text][et_pb_text _builder_version=&#8220;4.6.0&#8243; text_line_height=&#8220;2em&#8220; max_width=&#8220;350px&#8220; locked=&#8220;off&#8220;]<\/p>\n<p>Sch\u00f6ne gesunde Wiesen mit einer Vielzahl von Gr\u00e4sern und Blumen, Saumbiotope aus Hecken und Stauden, aber auch Areale des Waldes bis hin zum Schilfgu\u0308rtel an der Wupper, werden Lebensgrundlage fu\u0308r viele beispielsweise Insekten sein, die wiederum eine Fu\u0308lle weiterer Tier- und Pflanzenarten begu\u0308nstigen. Der angrenzende Wald beispielsweise kann nur Bruthabitat sein, wenn zur Nahrungsaufnahme die Feuchtwiese zur Verfu\u0308gung steht. Nur der Verbund wird zu einer Wiederbesiedlung fu\u0308hren durch Arten, die in Bedr\u00e4ngnis gekommen sind.<\/p>\n<p>Nur der Pflanzenbestand, der zueinander und zum Standort pa\u00dft, dessen N\u00e4hrstoffe in Balance sind und der u\u0308ber ein aktives, intaktes Bodenleben verfu\u0308gt, kann Biotop sein. Die unterschiedlichen Biotopformen gilt es r\u00e4umlich und funktional zu vernetzen, um Artenvielfalt zu erhalten, den in Bedr\u00e4ngnis geratenen Mitlebewesen, eine Chance zu geben, an die letztendlich auch das menschliche \u00dcberleben gekoppelt ist.<\/p>\n<p>[\/et_pb_text][\/et_pb_column][et_pb_column type=&#8220;1_2&#8243; _builder_version=&#8220;4.4.4&#8243; background_color=&#8220;#bea88f&#8220;][et_pb_blurb title=&#8220;Renaturierung&#8220; image=&#8220;https:\/\/www.gut-muellerhof.de\/wp-content\/uploads\/2020\/11\/Hochformat-Weiden-Management-1.jpg&#8220; content_max_width=&#8220;100%&#8220; _builder_version=&#8220;4.6.5&#8243; header_level=&#8220;h3&#8243; header_font=&#8220;Prata||||||||&#8220; header_font_size=&#8220;35px&#8220; header_line_height=&#8220;1.2em&#8220; transform_translate=&#8220;10%|-10%&#8220; transform_translate_linked=&#8220;off&#8220; background_layout=&#8220;dark&#8220; animation_style=&#8220;slide&#8220; animation_direction=&#8220;bottom&#8220; animation_duration=&#8220;700ms&#8220; animation_intensity_slide=&#8220;2%&#8220; animation=&#8220;off&#8220; header_font_size_tablet=&#8220;28px&#8220; header_font_size_phone=&#8220;22px&#8220; header_font_size_last_edited=&#8220;on|phone&#8220; locked=&#8220;off&#8220;][\/et_pb_blurb][\/et_pb_column][\/et_pb_row][et_pb_row column_structure=&#8220;1_2,1_2&#8243; _builder_version=&#8220;4.4.4&#8243; custom_margin=&#8220;6%||6%||true|false&#8220; custom_padding=&#8220;||||false|false&#8220; locked=&#8220;off&#8220;][et_pb_column type=&#8220;1_2&#8243; _builder_version=&#8220;4.4.4&#8243; border_width_all=&#8220;2px&#8220; border_color_all=&#8220;#000000&#8243;][et_pb_blurb title=&#8220;Nutzungskonzept&#8220; image=&#8220;https:\/\/www.gut-muellerhof.de\/wp-content\/uploads\/2020\/11\/Querformat-Kontaktformular-2.jpg&#8220; content_max_width=&#8220;100%&#8220; _builder_version=&#8220;4.6.5&#8243; header_level=&#8220;h3&#8243; header_font=&#8220;Prata||||||||&#8220; header_font_size=&#8220;35px&#8220; header_line_height=&#8220;1.2em&#8220; transform_translate=&#8220;-10%|-10%&#8220; text_orientation=&#8220;right&#8220; custom_margin_tablet=&#8220;-60px|60px|30px|-60px|false|false&#8220; custom_margin_phone=&#8220;-30px|30px|20px|-30px|false|false&#8220; custom_margin_last_edited=&#8220;off|desktop&#8220; animation_style=&#8220;slide&#8220; animation_direction=&#8220;bottom&#8220; animation_duration=&#8220;700ms&#8220; animation_intensity_slide=&#8220;2%&#8220; animation=&#8220;off&#8220; header_font_size_tablet=&#8220;28px&#8220; header_font_size_phone=&#8220;22px&#8220; header_font_size_last_edited=&#8220;on|phone&#8220; locked=&#8220;off&#8220;][\/et_pb_blurb][\/et_pb_column][et_pb_column type=&#8220;1_2&#8243; _builder_version=&#8220;4.4.4&#8243; custom_padding=&#8220;||80px||false|false&#8220;][et_pb_text _builder_version=&#8220;4.6.0&#8243; header_2_font=&#8220;Prata||||||||&#8220; header_2_line_height=&#8220;1.8em&#8220; header_4_font=&#8220;|700||on|||||&#8220; header_4_text_color=&#8220;#bea88f&#8220; header_4_font_size=&#8220;12px&#8220; header_4_letter_spacing=&#8220;2.6px&#8220; header_4_line_height=&#8220;1.6em&#8220; header_2_font_size_tablet=&#8220;22px&#8220; header_2_font_size_phone=&#8220;20px&#8220; header_2_font_size_last_edited=&#8220;on|phone&#8220; header_4_font_size_tablet=&#8220;&#8220; header_4_font_size_phone=&#8220;&#8220; header_4_font_size_last_edited=&#8220;on|phone&#8220; locked=&#8220;off&#8220;]<\/p>\n<h4>NUTZUNGSKONZEPT<\/h4>\n<h2>Interesse an weiteren Informationen unseres Nutzungskonzeptes?<\/h2>\n<p>[\/et_pb_text][et_pb_text _builder_version=&#8220;4.6.0&#8243; text_line_height=&#8220;2em&#8220; max_width=&#8220;350px&#8220; locked=&#8220;off&#8220;]<\/p>\n<p>Senden Sie uns eine Anfrage.<\/p>\n<p>[\/et_pb_text][et_pb_button button_url=&#8220;mailto:info@gestuet-gut-muellerhof.de&#8220; button_text=&#8220;Kontakt&#8220; _builder_version=&#8220;4.9.2&#8243; custom_button=&#8220;on&#8220; button_text_size=&#8220;12px&#8220; button_text_color=&#8220;#bea88f&#8220; button_bg_color=&#8220;rgba(0,0,0,0)&#8220; button_border_width=&#8220;2px&#8220; button_border_color=&#8220;#bea88f&#8220; button_border_radius=&#8220;0px&#8220; button_letter_spacing=&#8220;2px&#8220; button_font=&#8220;|700||on|||||&#8220; background_layout=&#8220;dark&#8220; custom_padding=&#8220;20px|40px|20px|40px|true|true&#8220; hover_enabled=&#8220;0&#8243; button_bg_color_last_edited=&#8220;off|desktop&#8220; locked=&#8220;off&#8220; button_bg_color__hover_enabled=&#8220;on|hover&#8220; button_bg_color__hover=&#8220;#bea88f&#8220; button_bg_enable_color__hover=&#8220;on&#8220; button_text_color__hover_enabled=&#8220;on|hover&#8220; button_text_color__hover=&#8220;#ffffff&#8220; sticky_enabled=&#8220;0&#8243;][\/et_pb_button][\/et_pb_column][\/et_pb_row][\/et_pb_section][et_pb_section fb_built=&#8220;1&#8243; admin_label=&#8220;Call to Action&#8220; _builder_version=&#8220;4.4.4&#8243; background_color=&#8220;#bea88f&#8220; width=&#8220;100%&#8220; max_width=&#8220;1350px&#8220; module_alignment=&#8220;center&#8220; locked=&#8220;off&#8220;][et_pb_row _builder_version=&#8220;4.4.4&#8243; custom_padding=&#8220;||40px|||&#8220;][et_pb_column type=&#8220;4_4&#8243; _builder_version=&#8220;4.4.4&#8243;][et_pb_text _builder_version=&#8220;4.6.0&#8243; header_2_font=&#8220;Prata||||||||&#8220; header_2_font_size=&#8220;40px&#8220; header_2_line_height=&#8220;1.6em&#8220; header_4_font=&#8220;|700||on|||||&#8220; header_4_font_size=&#8220;12px&#8220; header_4_letter_spacing=&#8220;2.6px&#8220; header_4_line_height=&#8220;1.6em&#8220; text_orientation=&#8220;center&#8220; background_layout=&#8220;dark&#8220; max_width=&#8220;700px&#8220; module_alignment=&#8220;center&#8220; header_2_font_size_tablet=&#8220;24px&#8220; header_2_font_size_phone=&#8220;22px&#8220; header_2_font_size_last_edited=&#8220;on|phone&#8220; header_4_font_size_tablet=&#8220;&#8220; header_4_font_size_phone=&#8220;&#8220; header_4_font_size_last_edited=&#8220;on|phone&#8220; locked=&#8220;off&#8220;]<\/p>\n<h4>GUT M\u00dcLLERHOF ZUR MOTTE<\/h4>\n<h2>UNSER WISSEN. DIE EXPERTISE. DIE BASIS.<\/h2>\n<p>[\/et_pb_text][et_pb_button button_url=&#8220;mailto:info@gestuet-gut-muellerhof.de&#8220; button_text=&#8220;KONTAKT&#8220; button_alignment=&#8220;center&#8220; _builder_version=&#8220;4.9.2&#8243; custom_button=&#8220;on&#8220; button_text_size=&#8220;12px&#8220; button_bg_color=&#8220;rgba(0,0,0,0)&#8220; button_border_width=&#8220;2px&#8220; button_border_color=&#8220;#ffffff&#8220; button_border_radius=&#8220;0px&#8220; button_letter_spacing=&#8220;2px&#8220; button_font=&#8220;|700||on|||||&#8220; background_layout=&#8220;dark&#8220; custom_margin=&#8220;40px||||false|false&#8220; custom_margin_tablet=&#8220;&#8220; custom_margin_phone=&#8220;&#8220; custom_margin_last_edited=&#8220;on|phone&#8220; custom_padding=&#8220;20px|40px|20px|40px|true|true&#8220; hover_enabled=&#8220;0&#8243; button_bg_color_last_edited=&#8220;off|desktop&#8220; locked=&#8220;off&#8220; button_bg_color__hover_enabled=&#8220;on|hover&#8220; button_bg_color__hover=&#8220;#ffffff&#8220; button_bg_enable_color__hover=&#8220;on&#8220; button_text_color__hover_enabled=&#8220;on|hover&#8220; button_text_color__hover=&#8220;#000000&#8243; sticky_enabled=&#8220;0&#8243;][\/et_pb_button][\/et_pb_column][\/et_pb_row][\/et_pb_section]<\/p>\n","protected":false},"excerpt":{"rendered":"<p>Unsere ZieleGUT M\u00dcLLERHOF zur MOTTE Das h\u00f6chste Gut verwirklichen \u2013 ein Lebensraum inmitten der Natur \u2013 das Gut mit Leben erf\u00fcllen.Die Vision von Erbauer Otto Kunze soll Wirklichkeit werden. So lassen wir hier eine Symbiose entstehen aus Guts-Charakter, Landwirtschaft, Gest\u00fct. Nach traditionellem Vorbild \u2013 vereint mit der Modernen, aus den errichteten Gutsgeb\u00e4uden weitere Gestaltungsm\u00f6glichkeiten \u2013 [&hellip;]<\/p>\n","protected":false},"author":1,"featured_media":0,"parent":0,"menu_order":0,"comment_status":"closed","ping_status":"closed","template":"","meta":{"_acf_changed":false,"_et_pb_use_builder":"on","_et_pb_old_content":"","_et_gb_content_width":"","footnotes":""},"class_list":["post-52","page","type-page","status-publish","hentry"],"acf":[],"_links":{"self":[{"href":"https:\/\/www.gut-muellerhof.de\/index.php?rest_route=\/wp\/v2\/pages\/52","targetHints":{"allow":["GET"]}}],"collection":[{"href":"https:\/\/www.gut-muellerhof.de\/index.php?rest_route=\/wp\/v2\/pages"}],"about":[{"href":"https:\/\/www.gut-muellerhof.de\/index.php?rest_route=\/wp\/v2\/types\/page"}],"author":[{"embeddable":true,"href":"https:\/\/www.gut-muellerhof.de\/index.php?rest_route=\/wp\/v2\/users\/1"}],"replies":[{"embeddable":true,"href":"https:\/\/www.gut-muellerhof.de\/index.php?rest_route=%2Fwp%2Fv2%2Fcomments&post=52"}],"version-history":[{"count":8,"href":"https:\/\/www.gut-muellerhof.de\/index.php?rest_route=\/wp\/v2\/pages\/52\/revisions"}],"predecessor-version":[{"id":846,"href":"https:\/\/www.gut-muellerhof.de\/index.php?rest_route=\/wp\/v2\/pages\/52\/revisions\/846"}],"wp:attachment":[{"href":"https:\/\/www.gut-muellerhof.de\/index.php?rest_route=%2Fwp%2Fv2%2Fmedia&parent=52"}],"curies":[{"name":"wp","href":"https:\/\/api.w.org\/{rel}","templated":true}]}}