{"id":302,"date":"2020-09-03T14:44:52","date_gmt":"2020-09-03T14:44:52","guid":{"rendered":"https:\/\/www.gut-muellerhof.de\/?page_id=302"},"modified":"2021-06-29T15:11:59","modified_gmt":"2021-06-29T15:11:59","slug":"hab-und-gut","status":"publish","type":"page","link":"https:\/\/www.gut-muellerhof.de\/?page_id=302","title":{"rendered":"Hab und Gut"},"content":{"rendered":"<p>[et_pb_section fb_built=&#8220;1&#8243; custom_padding_last_edited=&#8220;on|phone&#8220; admin_label=&#8220;Header&#8220; _builder_version=&#8220;4.9.2&#8243; use_background_color_gradient=&#8220;on&#8220; background_color_gradient_start=&#8220;rgba(31,31,38,0.32)&#8220; background_color_gradient_end=&#8220;#1f1f26&#8243; background_color_gradient_overlays_image=&#8220;on&#8220; background_image=&#8220;https:\/\/www.gut-muellerhof.de\/wp-content\/uploads\/2021\/06\/Hab-und-Gut-1.jpg&#8220; custom_padding=&#8220;120px||0px||false|false&#8220; custom_padding_tablet=&#8220;80px||80px||false|false&#8220; custom_padding_phone=&#8220;50px||50px||false|false&#8220; hover_enabled=&#8220;0&#8243; title_text=&#8220;Hab-und-Gut-1&#8243; min_height=&#8220;805px&#8220; height=&#8220;797px&#8220; sticky_enabled=&#8220;0&#8243;][et_pb_row _builder_version=&#8220;4.4.4&#8243;][et_pb_column type=&#8220;4_4&#8243; _builder_version=&#8220;4.4.4&#8243;][et_pb_text _builder_version=&#8220;4.9.2&#8243; header_font=&#8220;Prata||||||||&#8220; header_text_align=&#8220;center&#8220; header_font_size=&#8220;120px&#8220; header_line_height=&#8220;1.2em&#8220; background_layout=&#8220;dark&#8220; header_font_size_tablet=&#8220;60px&#8220; header_font_size_phone=&#8220;35px&#8220; header_font_size_last_edited=&#8220;on|phone&#8220;]<\/p>\n<h1>Hab und Gut<\/h1>\n<p>[\/et_pb_text][\/et_pb_column][\/et_pb_row][\/et_pb_section][et_pb_section fb_built=&#8220;1&#8243; admin_label=&#8220;Blog&#8220; _builder_version=&#8220;4.4.4&#8243;][et_pb_row _builder_version=&#8220;4.9.2&#8243; _module_preset=&#8220;default&#8220; hover_enabled=&#8220;0&#8243; column_structure=&#8220;3_5,2_5&#8243; sticky_enabled=&#8220;0&#8243;][et_pb_column type=&#8220;3_5&#8243; _builder_version=&#8220;4.9.2&#8243; _module_preset=&#8220;default&#8220;][et_pb_text _builder_version=&#8220;4.9.2&#8243; _module_preset=&#8220;default&#8220; hover_enabled=&#8220;0&#8243; sticky_enabled=&#8220;0&#8243;]<\/p>\n<h2>Besuchen Sie uns bald wieder!<\/h2>\n<p>Auf dieser Seite planen wir einen kleinen Guts-Shop mit allerlei Liebenswertem,<br \/>l\u00e4ndlich nachhaltigen und regionalen Kleinigkeiten und m\u00f6chten dabei einen Beitrag leisten f\u00fcr unsere Umwelt und den Naturschutz.<\/p>\n<p>[\/et_pb_text][\/et_pb_column][et_pb_column type=&#8220;2_5&#8243; _builder_version=&#8220;4.9.2&#8243; _module_preset=&#8220;default&#8220;][et_pb_image src=&#8220;https:\/\/www.gut-muellerhof.de\/wp-content\/uploads\/2021\/06\/Hab-und-Gut-2.jpg&#8220; _builder_version=&#8220;4.9.2&#8243; _module_preset=&#8220;default&#8220; title_text=&#8220;Hab-und-Gut-2&#8243; hover_enabled=&#8220;0&#8243; sticky_enabled=&#8220;0&#8243;][\/et_pb_image][\/et_pb_column][\/et_pb_row][\/et_pb_section][et_pb_section fb_built=&#8220;1&#8243; admin_label=&#8220;Newsletter&#8220; _builder_version=&#8220;4.4.4&#8243;][\/et_pb_section]<\/p>\n","protected":false},"excerpt":{"rendered":"<p>Hab und GutBesuchen Sie uns bald wieder! Auf dieser Seite planen wir einen kleinen Guts-Shop mit allerlei Liebenswertem,l\u00e4ndlich nachhaltigen und regionalen Kleinigkeiten und m\u00f6chten dabei einen Beitrag leisten f\u00fcr unsere Umwelt und den Naturschutz.<\/p>\n","protected":false},"author":1,"featured_media":0,"parent":0,"menu_order":0,"comment_status":"closed","ping_status":"closed","template":"","meta":{"_acf_changed":false,"_et_pb_use_builder":"on","_et_pb_old_content":"<!-- wp:divi\/placeholder \/-->","_et_gb_content_width":"","footnotes":""},"class_list":["post-302","page","type-page","status-publish","hentry"],"acf":[],"_links":{"self":[{"href":"https:\/\/www.gut-muellerhof.de\/index.php?rest_route=\/wp\/v2\/pages\/302","targetHints":{"allow":["GET"]}}],"collection":[{"href":"https:\/\/www.gut-muellerhof.de\/index.php?rest_route=\/wp\/v2\/pages"}],"about":[{"href":"https:\/\/www.gut-muellerhof.de\/index.php?rest_route=\/wp\/v2\/types\/page"}],"author":[{"embeddable":true,"href":"https:\/\/www.gut-muellerhof.de\/index.php?rest_route=\/wp\/v2\/users\/1"}],"replies":[{"embeddable":true,"href":"https:\/\/www.gut-muellerhof.de\/index.php?rest_route=%2Fwp%2Fv2%2Fcomments&post=302"}],"version-history":[{"count":6,"href":"https:\/\/www.gut-muellerhof.de\/index.php?rest_route=\/wp\/v2\/pages\/302\/revisions"}],"predecessor-version":[{"id":1029,"href":"https:\/\/www.gut-muellerhof.de\/index.php?rest_route=\/wp\/v2\/pages\/302\/revisions\/1029"}],"wp:attachment":[{"href":"https:\/\/www.gut-muellerhof.de\/index.php?rest_route=%2Fwp%2Fv2%2Fmedia&parent=302"}],"curies":[{"name":"wp","href":"https:\/\/api.w.org\/{rel}","templated":true}]}}