{"id":188,"date":"2020-09-01T11:41:05","date_gmt":"2020-09-01T11:41:05","guid":{"rendered":"https:\/\/www.gut-muellerhof.de\/?page_id=188"},"modified":"2025-07-18T10:24:29","modified_gmt":"2025-07-18T10:24:29","slug":"gestuet","status":"publish","type":"page","link":"https:\/\/www.gut-muellerhof.de\/?page_id=188","title":{"rendered":"Gest\u00fct"},"content":{"rendered":"<p>[et_pb_section fb_built=&#8220;1&#8243; admin_label=&#8220;Header&#8220; _builder_version=&#8220;4.16&#8243; use_background_color_gradient=&#8220;on&#8220; background_color_gradient_stops=&#8220;rgba(31,31,38,0.88) 0%|rgba(31,31,38,0.24) 100%&#8220; background_color_gradient_overlays_image=&#8220;on&#8220; background_color_gradient_start=&#8220;rgba(31,31,38,0.88)&#8220; background_color_gradient_end=&#8220;rgba(31,31,38,0.24)&#8220; background_image=&#8220;https:\/\/www.gut-muellerhof.de\/wp-content\/uploads\/2020\/06\/upholsterer-61.jpg&#8220; custom_padding=&#8220;0vw||0px||false|false&#8220; global_colors_info=&#8220;{}&#8220;][et_pb_row custom_padding_last_edited=&#8220;on|desktop&#8220; _builder_version=&#8220;4.16&#8243; background_color_gradient_direction=&#8220;144deg&#8220; background_enable_image=&#8220;off&#8220; parallax=&#8220;on&#8220; background_video_mp4=&#8220;https:\/\/www.gut-muellerhof.de\/wp-content\/uploads\/2020\/07\/mullerhof_korrektur_master-480p.mp4&#8243; width=&#8220;100%&#8220; max_width=&#8220;none&#8220; module_alignment=&#8220;left&#8220; custom_margin=&#8220;0px||||false|false&#8220; custom_margin_tablet=&#8220;|auto||0px|false|false&#8220; custom_margin_last_edited=&#8220;off|desktop&#8220; custom_padding=&#8220;20vw|20px|20vw|20px|true|true&#8220; custom_padding_tablet=&#8220;16vw||16vw||true|false&#8220; custom_padding_phone=&#8220;||||false|false&#8220; border_color_all=&#8220;#1f1f26&#8243; border_width_right=&#8220;0vw&#8220; locked=&#8220;off&#8220; global_colors_info=&#8220;{}&#8220;][et_pb_column type=&#8220;4_4&#8243; _builder_version=&#8220;4.16&#8243; global_colors_info=&#8220;{}&#8220;][et_pb_text _builder_version=&#8220;4.16&#8243; header_font=&#8220;Prata||||||||&#8220; header_text_align=&#8220;center&#8220; header_font_size=&#8220;120px&#8220; header_line_height=&#8220;1.2em&#8220; background_layout=&#8220;dark&#8220; header_font_size_tablet=&#8220;60px&#8220; header_font_size_phone=&#8220;35px&#8220; header_font_size_last_edited=&#8220;on|phone&#8220; global_colors_info=&#8220;{}&#8220;]<\/p>\n<h1>Unser Gest\u00fct<\/h1>\n<p>[\/et_pb_text][\/et_pb_column][\/et_pb_row][\/et_pb_section][et_pb_section fb_built=&#8220;1&#8243; _builder_version=&#8220;4.16&#8243; _module_preset=&#8220;default&#8220; global_colors_info=&#8220;{}&#8220;][et_pb_row _builder_version=&#8220;4.16&#8243; global_colors_info=&#8220;{}&#8220;][et_pb_column type=&#8220;4_4&#8243; _builder_version=&#8220;4.16&#8243; global_colors_info=&#8220;{}&#8220;][et_pb_text _builder_version=&#8220;4.16&#8243; header_2_font=&#8220;Prata||||||||&#8220; header_2_font_size=&#8220;65px&#8220; header_2_line_height=&#8220;1.8em&#8220; header_4_font=&#8220;|700||on|||||&#8220; header_4_text_color=&#8220;#bea88f&#8220; header_4_font_size=&#8220;12px&#8220; header_4_letter_spacing=&#8220;2.6px&#8220; header_4_line_height=&#8220;1.6em&#8220; text_orientation=&#8220;center&#8220; module_alignment=&#8220;center&#8220; header_2_font_size_tablet=&#8220;34px&#8220; header_2_font_size_phone=&#8220;28px&#8220; header_2_font_size_last_edited=&#8220;on|phone&#8220; locked=&#8220;off&#8220; global_colors_info=&#8220;{}&#8220;]<\/p>\n<h4>GUT M\u00dcLLERHOF ZUR MOTTE<\/h4>\n<h2>Wer wir sind und was wir tun<\/h2>\n<p>[\/et_pb_text][et_pb_text _builder_version=&#8220;4.16&#8243; text_line_height=&#8220;2em&#8220; text_orientation=&#8220;center&#8220; max_width=&#8220;800px&#8220; module_alignment=&#8220;center&#8220; locked=&#8220;off&#8220; global_colors_info=&#8220;{}&#8220;]<\/p>\n<p>In erster Linie haben wir uns auf den Umgang, Zucht, Aufzucht, Ausbildung und Haltung von Pferden spezialisiert.<br \/>Wir forschen und sammeln Daten und Erkenntnisse, die permanent in unsere t\u00e4gliche Arbeit einflie\u00dfen.<\/p>\n<p>Grundlage ist immer das Tierwohl zur Steigerung der Erkenntnisse im Sinne des Tierschutzes:\u00a0<strong><\/strong><\/p>\n<p>[\/et_pb_text][\/et_pb_column][\/et_pb_row][et_pb_row _builder_version=&#8220;4.16&#8243; global_colors_info=&#8220;{}&#8220;][et_pb_column type=&#8220;4_4&#8243; _builder_version=&#8220;4.16&#8243; global_colors_info=&#8220;{}&#8220;][et_pb_text _builder_version=&#8220;4.16&#8243; header_2_font=&#8220;Prata||||||||&#8220; header_2_font_size=&#8220;50px&#8220; header_2_line_height=&#8220;1.8em&#8220; header_4_font=&#8220;|700||on|||||&#8220; header_4_text_color=&#8220;#bea88f&#8220; header_4_font_size=&#8220;12px&#8220; header_4_letter_spacing=&#8220;2.6px&#8220; header_4_line_height=&#8220;1.6em&#8220; text_orientation=&#8220;center&#8220; module_alignment=&#8220;center&#8220; custom_margin=&#8220;||8px|||&#8220; header_2_font_size_tablet=&#8220;34px&#8220; header_2_font_size_phone=&#8220;28px&#8220; header_2_font_size_last_edited=&#8220;on|phone&#8220; locked=&#8220;off&#8220; global_colors_info=&#8220;{}&#8220;]<\/p>\n<h2>Wissen ist Tierschutz<\/h2>\n<p>[\/et_pb_text][et_pb_text _builder_version=&#8220;4.16&#8243; text_line_height=&#8220;2em&#8220; text_orientation=&#8220;center&#8220; max_width=&#8220;800px&#8220; module_alignment=&#8220;center&#8220; locked=&#8220;off&#8220; global_colors_info=&#8220;{}&#8220;]<\/p>\n<p>Die Haltungs- und Umgangsbedingungen haben bei uns den gr\u00f6\u00dften Stellenwert. Wird ein Pferd nicht entsprechend seiner Natur gehalten und behandelt, erzeugt das zwangsl\u00e4ufig und leider garantiert Verhaltensst\u00f6rungen und Erkrankungen.<\/p>\n<p>Das Pferd als Gef\u00e4hrte und Haustier des Menschen stellt die h\u00f6chsten Anforderungen an die Haltung, die unseres Erachtens weit \u00fcber die Vorgaben des Tierschutzgesetzes hinausgehen. Diese zu optimieren und praktisch umzusetzen ist unsere Profession. <\/p>\n<p><strong>Daf\u00fcr leben und arbeiten wir:<\/strong><\/p>\n<p>[\/et_pb_text][et_pb_text _builder_version=&#8220;4.16&#8243; header_2_font=&#8220;Prata||||||||&#8220; header_2_font_size=&#8220;50px&#8220; header_2_line_height=&#8220;1.8em&#8220; header_4_font=&#8220;|700||on|||||&#8220; header_4_text_color=&#8220;#bea88f&#8220; header_4_font_size=&#8220;12px&#8220; header_4_letter_spacing=&#8220;2.6px&#8220; header_4_line_height=&#8220;1.6em&#8220; text_orientation=&#8220;center&#8220; module_alignment=&#8220;center&#8220; custom_margin=&#8220;||8px|||&#8220; header_2_font_size_tablet=&#8220;34px&#8220; header_2_font_size_phone=&#8220;28px&#8220; header_2_font_size_last_edited=&#8220;on|phone&#8220; locked=&#8220;off&#8220; global_colors_info=&#8220;{}&#8220;]<\/p>\n<h2>\u201eEinfach zufriedene Pferde&#8220;<\/h2>\n<p>[\/et_pb_text][\/et_pb_column][\/et_pb_row][\/et_pb_section][et_pb_section fb_built=&#8220;1&#8243; admin_label=&#8220;Services&#8220; _builder_version=&#8220;4.16&#8243; custom_padding=&#8220;80px|||||&#8220; global_colors_info=&#8220;{}&#8220;][et_pb_row column_structure=&#8220;1_2,1_2&#8243; use_custom_gutter=&#8220;on&#8220; gutter_width=&#8220;1&#8243; make_equal=&#8220;on&#8220; _builder_version=&#8220;4.16&#8243; custom_padding=&#8220;0px||0px||true|&#8220; locked=&#8220;off&#8220; global_colors_info=&#8220;{}&#8220; z_index__hover_enabled=&#8220;on|hover&#8220; z_index__hover=&#8220;20&#8243;][et_pb_column type=&#8220;1_2&#8243; _builder_version=&#8220;4.16&#8243; use_background_color_gradient=&#8220;on&#8220; background_color_gradient_stops=&#8220;rgba(67,78,92,0.32) 0%|rgba(33,38,45,0.64) 100%&#8220; background_color_gradient_overlays_image=&#8220;on&#8220; background_color_gradient_start=&#8220;rgba(67,78,92,0.32)&#8220; background_color_gradient_end=&#8220;rgba(33,38,45,0.64)&#8220; background_image=&#8220;https:\/\/www.gut-muellerhof.de\/wp-content\/uploads\/2020\/11\/Quadratisch_Startseite-1.jpg&#8220; background_enable_video_mp4=&#8220;off&#8220; link_option_url=&#8220;#&#8220; border_width_all=&#8220;1px&#8220; border_color_all=&#8220;#ffffff&#8220; box_shadow_style=&#8220;preset3&#8243; box_shadow_spread=&#8220;-32px&#8220; box_shadow_color=&#8220;rgba(0,0,0,0)&#8220; global_colors_info=&#8220;{}&#8220; z_index__hover_enabled=&#8220;on|desktop&#8220; z_index__hover=&#8220;20&#8243; transform_styles__hover_enabled=&#8220;on|hover&#8220; transform_scale__hover_enabled=&#8220;on|hover&#8220; transform_translate__hover_enabled=&#8220;on|desktop&#8220; transform_rotate__hover_enabled=&#8220;on|desktop&#8220; transform_skew__hover_enabled=&#8220;on|desktop&#8220; transform_origin__hover_enabled=&#8220;on|desktop&#8220; transform_scale__hover=&#8220;108%|108%&#8220; box_shadow_color__hover_enabled=&#8220;on|hover&#8220; box_shadow_vertical__hover_enabled=&#8220;on|hover&#8220; box_shadow_horizontal__hover_enabled=&#8220;off|hover&#8220; box_shadow_blur__hover_enabled=&#8220;on|hover&#8220; box_shadow_color__hover=&#8220;rgba(0,0,0,0.56)&#8220; box_shadow_vertical__hover=&#8220;64px&#8220; box_shadow_blur__hover=&#8220;64px&#8220; background__hover_enabled=&#8220;on|desktop&#8220; background_color_gradient_end__hover=&#8220;rgba(31,31,38,0.88)&#8220; background_color_gradient_start__hover=&#8220;rgba(31,31,38,0.88)&#8220; background_color_gradient_stops__hover=&#8220;rgba(31,31,38,0.88) 0%|rgba(31,31,38,0.88) 100%&#8220;][et_pb_text _builder_version=&#8220;4.27.4&#8243; header_3_font=&#8220;Prata||||||||&#8220; header_3_font_size=&#8220;30px&#8220; header_3_line_height=&#8220;1.3em&#8220; header_4_font=&#8220;|700||on|||||&#8220; header_4_text_color=&#8220;#bea88f&#8220; header_4_font_size=&#8220;14px&#8220; header_4_letter_spacing=&#8220;2px&#8220; header_4_line_height=&#8220;1.4em&#8220; background_layout=&#8220;dark&#8220; custom_margin=&#8220;20px|20px|20px|20px|true|true&#8220; custom_padding=&#8220;60%|20px|20px|20px|false|true&#8220; custom_padding_tablet=&#8220;30%|10px|10px|10px|false|true&#8220; custom_padding_phone=&#8220;&#8220; custom_padding_last_edited=&#8220;on|tablet&#8220; link_option_url=&#8220;https:\/\/www.gut-muellerhof.de\/?page_id=1658&#8243; hover_enabled=&#8220;0&#8243; header_3_font_size_tablet=&#8220;22px&#8220; header_3_font_size_phone=&#8220;20px&#8220; header_3_font_size_last_edited=&#8220;on|phone&#8220; border_width_all=&#8220;2px&#8220; border_color_all=&#8220;rgba(190,168,143,0)&#8220; border_style_all=&#8220;dashed&#8220; locked=&#8220;off&#8220; global_colors_info=&#8220;{}&#8220; border_color_all__hover_enabled=&#8220;on|desktop&#8220; border_color_all__hover=&#8220;rgba(190,168,143,0.32)&#8220; sticky_enabled=&#8220;0&#8243;]<\/p>\n<h3>Unsere Pferde<\/h3>\n<h4>Durchdachte Konzepte<\/h4>\n<p>[\/et_pb_text][\/et_pb_column][et_pb_column type=&#8220;1_2&#8243; _builder_version=&#8220;4.16&#8243; use_background_color_gradient=&#8220;on&#8220; background_color_gradient_stops=&#8220;rgba(67,78,92,0.32) 0%|rgba(33,38,45,0.64) 100%&#8220; background_color_gradient_overlays_image=&#8220;on&#8220; background_color_gradient_start=&#8220;rgba(67,78,92,0.32)&#8220; background_color_gradient_end=&#8220;rgba(33,38,45,0.64)&#8220; background_image=&#8220;https:\/\/www.gut-muellerhof.de\/wp-content\/uploads\/2020\/11\/Querformat-Gestu\u0308t-1.jpg&#8220; background_enable_video_mp4=&#8220;off&#8220; link_option_url=&#8220;#&#8220; border_width_all=&#8220;1px&#8220; border_color_all=&#8220;#ffffff&#8220; box_shadow_style=&#8220;preset3&#8243; box_shadow_spread=&#8220;-32px&#8220; box_shadow_color=&#8220;rgba(0,0,0,0)&#8220; global_colors_info=&#8220;{}&#8220; z_index__hover_enabled=&#8220;on|desktop&#8220; z_index__hover=&#8220;20&#8243; transform_styles__hover_enabled=&#8220;on|hover&#8220; transform_scale__hover_enabled=&#8220;on|hover&#8220; transform_translate__hover_enabled=&#8220;on|desktop&#8220; transform_rotate__hover_enabled=&#8220;on|desktop&#8220; transform_skew__hover_enabled=&#8220;on|desktop&#8220; transform_origin__hover_enabled=&#8220;on|desktop&#8220; transform_scale__hover=&#8220;108%|108%&#8220; box_shadow_color__hover_enabled=&#8220;on|hover&#8220; box_shadow_vertical__hover_enabled=&#8220;on|hover&#8220; box_shadow_horizontal__hover_enabled=&#8220;off|hover&#8220; box_shadow_blur__hover_enabled=&#8220;on|hover&#8220; box_shadow_color__hover=&#8220;rgba(0,0,0,0.56)&#8220; box_shadow_vertical__hover=&#8220;64px&#8220; box_shadow_blur__hover=&#8220;64px&#8220; background__hover_enabled=&#8220;on|hover&#8220; background_color_gradient_start__hover=&#8220;rgba(31,31,38,0.88)&#8220; background_color_gradient_end__hover=&#8220;rgba(31,31,38,0.88)&#8220; background_color_gradient_stops__hover=&#8220;rgba(31,31,38,0.88) 0%|rgba(31,31,38,0.88) 100%&#8220;][et_pb_text _builder_version=&#8220;4.16&#8243; header_3_font=&#8220;Prata||||||||&#8220; header_3_font_size=&#8220;30px&#8220; header_3_line_height=&#8220;1.3em&#8220; header_4_font=&#8220;|700||on|||||&#8220; header_4_text_color=&#8220;#bea88f&#8220; header_4_font_size=&#8220;14px&#8220; header_4_letter_spacing=&#8220;2px&#8220; header_4_line_height=&#8220;1.4em&#8220; background_layout=&#8220;dark&#8220; custom_margin=&#8220;20px|20px|20px|20px|true|true&#8220; custom_padding=&#8220;60%|20px|20px|20px|false|true&#8220; custom_padding_tablet=&#8220;30%|10px|10px|10px|false|true&#8220; custom_padding_phone=&#8220;&#8220; custom_padding_last_edited=&#8220;on|tablet&#8220; link_option_url=&#8220;https:\/\/www.gut-muellerhof.de\/?page_id=292&#8243; header_3_font_size_tablet=&#8220;22px&#8220; header_3_font_size_phone=&#8220;20px&#8220; header_3_font_size_last_edited=&#8220;on|phone&#8220; border_width_all=&#8220;2px&#8220; border_color_all=&#8220;rgba(190,168,143,0)&#8220; border_style_all=&#8220;dashed&#8220; locked=&#8220;off&#8220; global_colors_info=&#8220;{}&#8220; border_color_all__hover_enabled=&#8220;on|desktop&#8220; border_color_all__hover=&#8220;rgba(190,168,143,0.32)&#8220;]<\/p>\n<h3>Stall-Konzept<\/h3>\n<h4>Zum Wohl der Pferde<\/h4>\n<p>[\/et_pb_text][\/et_pb_column][\/et_pb_row][et_pb_row use_custom_gutter=&#8220;on&#8220; gutter_width=&#8220;1&#8243; make_equal=&#8220;on&#8220; _builder_version=&#8220;4.16&#8243; custom_padding=&#8220;0px||0px||true|&#8220; locked=&#8220;off&#8220; global_colors_info=&#8220;{}&#8220; z_index__hover_enabled=&#8220;on|hover&#8220; z_index__hover=&#8220;20&#8243;][et_pb_column type=&#8220;4_4&#8243; _builder_version=&#8220;4.16&#8243; use_background_color_gradient=&#8220;on&#8220; background_color_gradient_stops=&#8220;rgba(67,78,92,0.32) 0%|rgba(33,38,45,0.64) 100%&#8220; background_color_gradient_overlays_image=&#8220;on&#8220; background_color_gradient_start=&#8220;rgba(67,78,92,0.32)&#8220; background_color_gradient_end=&#8220;rgba(33,38,45,0.64)&#8220; background_image=&#8220;https:\/\/www.gut-muellerhof.de\/wp-content\/uploads\/2021\/06\/AdobeStock_232135536.jpg&#8220; link_option_url=&#8220;#&#8220; border_width_all=&#8220;1px&#8220; border_color_all=&#8220;#ffffff&#8220; box_shadow_style=&#8220;preset3&#8243; box_shadow_spread=&#8220;-32px&#8220; box_shadow_color=&#8220;rgba(0,0,0,0)&#8220; global_colors_info=&#8220;{}&#8220; z_index__hover_enabled=&#8220;on|desktop&#8220; z_index__hover=&#8220;20&#8243; transform_styles__hover_enabled=&#8220;on|hover&#8220; transform_scale__hover_enabled=&#8220;on|hover&#8220; transform_translate__hover_enabled=&#8220;on|desktop&#8220; transform_rotate__hover_enabled=&#8220;on|desktop&#8220; transform_skew__hover_enabled=&#8220;on|desktop&#8220; transform_origin__hover_enabled=&#8220;on|desktop&#8220; transform_scale__hover=&#8220;108%|108%&#8220; box_shadow_color__hover_enabled=&#8220;on|hover&#8220; box_shadow_vertical__hover_enabled=&#8220;on|hover&#8220; box_shadow_horizontal__hover_enabled=&#8220;off|hover&#8220; box_shadow_blur__hover_enabled=&#8220;on|hover&#8220; box_shadow_color__hover=&#8220;rgba(0,0,0,0.56)&#8220; box_shadow_vertical__hover=&#8220;64px&#8220; box_shadow_blur__hover=&#8220;64px&#8220; background__hover_enabled=&#8220;on|desktop&#8220; background_color_gradient_end__hover=&#8220;rgba(31,31,38,0.88)&#8220; background_color_gradient_start__hover=&#8220;rgba(31,31,38,0.88)&#8220; background_color_gradient_stops__hover=&#8220;rgba(31,31,38,0.88) 0%|rgba(31,31,38,0.88) 100%&#8220;][et_pb_text _builder_version=&#8220;4.16&#8243; header_3_font=&#8220;Prata||||||||&#8220; header_3_font_size=&#8220;30px&#8220; header_3_line_height=&#8220;1.3em&#8220; header_4_font=&#8220;|700||on|||||&#8220; header_4_text_color=&#8220;#bea88f&#8220; header_4_font_size=&#8220;14px&#8220; header_4_letter_spacing=&#8220;2px&#8220; header_4_line_height=&#8220;1.4em&#8220; background_image=&#8220;https:\/\/www.gut-muellerhof.de\/wp-content\/uploads\/2021\/06\/AdobeStock_232135536.jpg&#8220; background_layout=&#8220;dark&#8220; custom_margin=&#8220;20px|20px|20px|20px|true|true&#8220; custom_padding=&#8220;30%|20px|20px|20px|false|true&#8220; custom_padding_tablet=&#8220;30%|10px|10px|10px|false|true&#8220; custom_padding_phone=&#8220;&#8220; custom_padding_last_edited=&#8220;on|tablet&#8220; link_option_url=&#8220;https:\/\/www.gut-muellerhof.de\/?page_id=294&#8243; header_3_font_size_tablet=&#8220;22px&#8220; header_3_font_size_phone=&#8220;20px&#8220; header_3_font_size_last_edited=&#8220;on|phone&#8220; border_width_all=&#8220;2px&#8220; border_color_all=&#8220;rgba(190,168,143,0)&#8220; border_style_all=&#8220;dashed&#8220; locked=&#8220;off&#8220; global_colors_info=&#8220;{}&#8220; border_color_all__hover_enabled=&#8220;on|desktop&#8220; border_color_all__hover=&#8220;rgba(190,168,143,0.32)&#8220;]<\/p>\n<h3>Bewegende Konzepte<\/h3>\n<h4>&#8230;&#8230;<\/h4>\n<p>[\/et_pb_text][\/et_pb_column][\/et_pb_row][\/et_pb_section][et_pb_section fb_built=&#8220;1&#8243; admin_label=&#8220;Call to Action&#8220; _builder_version=&#8220;4.16&#8243; background_color=&#8220;#bea88f&#8220; width=&#8220;100%&#8220; max_width=&#8220;1350px&#8220; module_alignment=&#8220;center&#8220; locked=&#8220;off&#8220; global_colors_info=&#8220;{}&#8220;][et_pb_row _builder_version=&#8220;4.16&#8243; custom_padding=&#8220;||40px|||&#8220; global_colors_info=&#8220;{}&#8220;][et_pb_column type=&#8220;4_4&#8243; _builder_version=&#8220;4.16&#8243; global_colors_info=&#8220;{}&#8220;][et_pb_text _builder_version=&#8220;4.16&#8243; header_2_font=&#8220;Prata||||||||&#8220; header_2_font_size=&#8220;40px&#8220; header_2_line_height=&#8220;1.6em&#8220; header_4_font=&#8220;|700||on|||||&#8220; header_4_font_size=&#8220;12px&#8220; header_4_letter_spacing=&#8220;2.6px&#8220; header_4_line_height=&#8220;1.6em&#8220; text_orientation=&#8220;center&#8220; background_layout=&#8220;dark&#8220; max_width=&#8220;700px&#8220; module_alignment=&#8220;center&#8220; header_2_font_size_tablet=&#8220;24px&#8220; header_2_font_size_phone=&#8220;22px&#8220; header_2_font_size_last_edited=&#8220;on|phone&#8220; header_4_font_size_tablet=&#8220;&#8220; header_4_font_size_phone=&#8220;&#8220; header_4_font_size_last_edited=&#8220;on|phone&#8220; locked=&#8220;off&#8220; global_colors_info=&#8220;{}&#8220;]<\/p>\n<h4>Galerie<\/h4>\n<h2>Gehen Sie mit uns auf eine Bilderreise durch das Leben unserer Pferde!<\/h2>\n<p>[\/et_pb_text][et_pb_gallery gallery_ids=&#8220;1008,1007,1003,997,1044,1045,1046,1047,1048,1049,1050,1012&#8243; posts_number=&#8220;16&#8243; orientation=&#8220;portrait&#8220; show_title_and_caption=&#8220;off&#8220; hover_overlay_color=&#8220;rgba(31,31,38,0.71)&#8220; _builder_version=&#8220;4.16&#8243; _module_preset=&#8220;default&#8220; global_colors_info=&#8220;{}&#8220;][\/et_pb_gallery][\/et_pb_column][\/et_pb_row][\/et_pb_section]<\/p>\n","protected":false},"excerpt":{"rendered":"<p>Unser Gest\u00fctGUT M\u00dcLLERHOF ZUR MOTTE Wer wir sind und was wir tunIn erster Linie haben wir uns auf den Umgang, Zucht, Aufzucht, Ausbildung und Haltung von Pferden spezialisiert.Wir forschen und sammeln Daten und Erkenntnisse, die permanent in unsere t\u00e4gliche Arbeit einflie\u00dfen. Grundlage ist immer das Tierwohl zur Steigerung der Erkenntnisse im Sinne des Tierschutzes:\u00a0Wissen ist [&hellip;]<\/p>\n","protected":false},"author":1,"featured_media":0,"parent":0,"menu_order":0,"comment_status":"closed","ping_status":"closed","template":"","meta":{"_acf_changed":false,"_et_pb_use_builder":"on","_et_pb_old_content":"","_et_gb_content_width":"","footnotes":""},"class_list":["post-188","page","type-page","status-publish","hentry"],"acf":[],"_links":{"self":[{"href":"https:\/\/www.gut-muellerhof.de\/index.php?rest_route=\/wp\/v2\/pages\/188","targetHints":{"allow":["GET"]}}],"collection":[{"href":"https:\/\/www.gut-muellerhof.de\/index.php?rest_route=\/wp\/v2\/pages"}],"about":[{"href":"https:\/\/www.gut-muellerhof.de\/index.php?rest_route=\/wp\/v2\/types\/page"}],"author":[{"embeddable":true,"href":"https:\/\/www.gut-muellerhof.de\/index.php?rest_route=\/wp\/v2\/users\/1"}],"replies":[{"embeddable":true,"href":"https:\/\/www.gut-muellerhof.de\/index.php?rest_route=%2Fwp%2Fv2%2Fcomments&post=188"}],"version-history":[{"count":37,"href":"https:\/\/www.gut-muellerhof.de\/index.php?rest_route=\/wp\/v2\/pages\/188\/revisions"}],"predecessor-version":[{"id":1663,"href":"https:\/\/www.gut-muellerhof.de\/index.php?rest_route=\/wp\/v2\/pages\/188\/revisions\/1663"}],"wp:attachment":[{"href":"https:\/\/www.gut-muellerhof.de\/index.php?rest_route=%2Fwp%2Fv2%2Fmedia&parent=188"}],"curies":[{"name":"wp","href":"https:\/\/api.w.org\/{rel}","templated":true}]}}