{"id":1668,"date":"2025-08-12T09:02:13","date_gmt":"2025-08-12T09:02:13","guid":{"rendered":"https:\/\/www.gut-muellerhof.de\/?page_id=1668"},"modified":"2026-01-31T10:51:28","modified_gmt":"2026-01-31T10:51:28","slug":"jobs","status":"publish","type":"page","link":"https:\/\/www.gut-muellerhof.de\/?page_id=1668","title":{"rendered":"Jobs"},"content":{"rendered":"<p>[et_pb_section fb_built=&#8220;1&#8243; _builder_version=&#8220;4.27.4&#8243; _module_preset=&#8220;default&#8220; background_image=&#8220;https:\/\/www.gut-muellerhof.de\/wp-content\/uploads\/2021\/03\/Pferd2_runtergerechnet-Donna.jpg&#8220; min_height=&#8220;600px&#8220; global_colors_info=&#8220;{}&#8220;][\/et_pb_section][et_pb_section fb_built=&#8220;1&#8243; _builder_version=&#8220;4.27.4&#8243; _module_preset=&#8220;default&#8220; global_colors_info=&#8220;{}&#8220;][et_pb_row _builder_version=&#8220;4.16&#8243; global_colors_info=&#8220;{}&#8220; column_structure=&#8220;1_2,1_2&#8243;][et_pb_column type=&#8220;1_2&#8243; _builder_version=&#8220;4.16&#8243; global_colors_info=&#8220;{}&#8220;][et_pb_text _builder_version=&#8220;4.27.5&#8243; header_2_font=&#8220;Prata||||||||&#8220; header_2_font_size=&#8220;65px&#8220; header_2_line_height=&#8220;1.8em&#8220; header_4_font=&#8220;|700||on|||||&#8220; header_4_text_color=&#8220;#bea88f&#8220; header_4_font_size=&#8220;12px&#8220; header_4_letter_spacing=&#8220;2.6px&#8220; header_4_line_height=&#8220;1.6em&#8220; text_orientation=&#8220;center&#8220; module_alignment=&#8220;center&#8220; hover_enabled=&#8220;0&#8243; header_2_font_size_tablet=&#8220;34px&#8220; header_2_font_size_phone=&#8220;28px&#8220; header_2_font_size_last_edited=&#8220;on|phone&#8220; locked=&#8220;off&#8220; global_colors_info=&#8220;{}&#8220; sticky_enabled=&#8220;0&#8243;]<\/p>\n<h4>GUT M\u00dcLLERHOF ZUR MOTTE<\/h4>\n<h2>Wir stellen ein!<\/h2>\n<p>[\/et_pb_text][et_pb_text _builder_version=&#8220;4.27.5&#8243; text_line_height=&#8220;2em&#8220; text_orientation=&#8220;center&#8220; max_width=&#8220;800px&#8220; module_alignment=&#8220;center&#8220; hover_enabled=&#8220;0&#8243; locked=&#8220;off&#8220; global_colors_info=&#8220;{}&#8220; sticky_enabled=&#8220;0&#8243; header_2_line_height=&#8220;1.3em&#8220;]<\/p>\n<h2 style=\"text-align: left;\">Mitarbeiter\/in (m\/w) fu\u0308r die\u00a0Betreuung, Pflege und das Training unserer Zuchtstuten und Fohlen.<\/h2>\n<p>[\/et_pb_text][et_pb_text _builder_version=&#8220;4.27.5&#8243; _module_preset=&#8220;default&#8220; hover_enabled=&#8220;0&#8243; global_colors_info=&#8220;{}&#8220; sticky_enabled=&#8220;0&#8243;]<\/p>\n<h3><strong>Interesse? <br \/>Erstkontakt unter <\/strong><strong>\u00a0<br \/>Tel. <\/strong><strong>0160 \u2013 901 111 01<\/strong><\/h3>\n<p>[\/et_pb_text][et_pb_divider _builder_version=&#8220;4.27.5&#8243; _module_preset=&#8220;default&#8220; hover_enabled=&#8220;0&#8243; sticky_enabled=&#8220;0&#8243;][\/et_pb_divider][et_pb_text _builder_version=&#8220;4.27.5&#8243; _module_preset=&#8220;default&#8220; hover_enabled=&#8220;0&#8243; global_colors_info=&#8220;{}&#8220; sticky_enabled=&#8220;0&#8243;]<\/p>\n<div dir=\"auto\">\n<h3><b>Mitarbeitende:r f\u00fcr Vollblutzucht &amp; Pferdebetreuung (m\/w\/d)<\/b><\/h3>\n<p class=\"p1\">Unser Gest\u00fct ist kein gew\u00f6hnlicher Ort.<\/p>\n<p class=\"p1\">Es ist eine Zuchtst\u00e4tte f\u00fcr Vollbl\u00fcter mit Anspruch, Ruhe und Weitblick. Gro\u00dfz\u00fcgige Stallungen, weitl\u00e4ufige Naturweiden, Wasserl\u00e4ufe und Wald schaffen einen Lebensraum, in dem Stuten und Fohlen nicht funktionieren m\u00fcssen \u2013 sondern wachsen d\u00fcrfen.<\/p>\n<p class=\"p1\">Wir arbeiten im kleinen Team und betreuen sechs Zuchtstuten sowie unsere Herdenmitglieder, die alle eine klare Aufgabe innerhalb einer stabilen, sozialen Herde haben. Diese Herdenstruktur ist das Fundament unserer Fohlenaufzucht.<\/p>\n<p class=\"p1\">Der Schwerpunkt Deiner Arbeit liegt in der <span class=\"s1\"><b>Pflege, Betreuung und im Training tragender Stuten<\/b><\/span>. Unser Ziel ist klar: Stuten sollen k\u00f6rperlich <span class=\"s1\"><b>und vor allem mental<\/b><\/span> stark, ruhig und ausgeglichen in die Hochtr\u00e4chtigkeit gehen. Ebenso wichtig ist uns die <span class=\"s1\"><b>fr\u00fche, behutsame Anleitung der Fohlen<\/b><\/span> \u2013 mit Sachkunde, Geduld und echter Empathie.<\/p>\n<p class=\"p1\">Erfahrung im Umgang mit jungen Pferden ist von Vorteil, F\u00e4higkeiten im Anreiten sind willkommen. Die Begleitung bei Auktionen geh\u00f6rt ebenfalls zum Aufgabenbereich. Berufserfahrung in Rennst\u00e4llen oder in der Vollblutzucht ist eine sehr gute Grundlage, Kenntnisse im Horsemanship sind ein Plus.<\/p>\n<p class=\"p3\"><span class=\"s2\">Wir arbeiten <\/span><b>leise, konzentriert und ohne Hektik<\/b><span class=\"s2\">.<\/span><\/p>\n<p class=\"p1\">Teamarbeit bedeutet f\u00fcr uns Austausch auf Augenh\u00f6he \u2013 Gedanken, Ideen und Anregungen der Mitarbeitenden sind ausdr\u00fccklich erw\u00fcnscht und werden ernst genommen. Erfolgreiche Zucht ist immer Teamleistung.<\/p>\n<p class=\"p2\">\n<p class=\"p1\">Unser Anspruch ist hoch, unser Umgang klar:<\/p>\n<p class=\"p3\"><b>Pferdewohl ist bei uns kein Ziel, sondern Mindeststandard.<\/b><b><\/b><\/p>\n<p class=\"p1\">Freude an der Arbeit, Lachen im Training und eine positive Atmosph\u00e4re geh\u00f6ren ebenso dazu wie Disziplin, P\u00fcnktlichkeit, Verl\u00e4sslichkeit und Kollegialit\u00e4t.<\/p>\n<p class=\"p2\">\n<h4><b>Arbeitszeiten<\/b><\/h4>\n<ul>\n<li>\n<p class=\"p1\">Montag bis Freitag: 13:00 \u2013 18:00 Uhr<\/p>\n<\/li>\n<li>\n<p class=\"p1\">Jeder dritte Samstag: 13:00 \u2013 18:00 Uhr<\/p>\n<\/li>\n<\/ul>\n<p class=\"p2\">\n<p class=\"p1\">Wir bieten eine <span class=\"s1\"><b>Festanstellung<\/b><\/span> mit den \u00fcblichen Sozialleistungen. Bei Bedarf und auf Wunsch steht eine <span class=\"s1\"><b>sch\u00f6ne Wohnung auf dem Gut<\/b><\/span> zur Verf\u00fcgung.<\/p>\n<p class=\"p2\">\n<p class=\"p3\"><span class=\"s2\">Wir freuen uns \u00fcber eine <\/span><b>Kurzbewerbung mit Gehaltsvorstellung<\/b><span class=\"s2\">. <\/span>Ein telefonischer Erstkontakt ist ebenfalls willkommen.<\/p>\n<p class=\"p2\">\n<p class=\"p3\"><b>Gest\u00fctsleitung:<\/b><b><\/b><\/p>\n<p class=\"p1\">Rainer Kohl<\/p>\n<p class=\"p1\">&#x1f4de; 0160 90 11 11 01<\/p>\n<p class=\"p1\">&#x2709;&#xfe0f; rkohl@gestuet-gut-muellerhof.de<\/p>\n<p><b><\/b><\/p>\n<\/div>\n<p>[\/et_pb_text][\/et_pb_column][et_pb_column type=&#8220;1_2&#8243; _builder_version=&#8220;4.16&#8243; global_colors_info=&#8220;{}&#8220;][et_pb_text _builder_version=&#8220;4.27.4&#8243; header_2_font=&#8220;Prata||||||||&#8220; header_2_font_size=&#8220;65px&#8220; header_2_line_height=&#8220;1.8em&#8220; header_4_font=&#8220;|700||on|||||&#8220; header_4_text_color=&#8220;#bea88f&#8220; header_4_font_size=&#8220;12px&#8220; header_4_letter_spacing=&#8220;2.6px&#8220; header_4_line_height=&#8220;1.6em&#8220; text_orientation=&#8220;center&#8220; module_alignment=&#8220;center&#8220; header_2_font_size_tablet=&#8220;34px&#8220; header_2_font_size_phone=&#8220;28px&#8220; header_2_font_size_last_edited=&#8220;on|phone&#8220; locked=&#8220;off&#8220; global_colors_info=&#8220;{}&#8220;]<\/p>\n<h4>GUT M\u00dcLLERHOF ZUR MOTTE<\/h4>\n<h2>Wir suchen Sie!<\/h2>\n<p>[\/et_pb_text][et_pb_image src=&#8220;https:\/\/www.gut-muellerhof.de\/wp-content\/uploads\/2020\/11\/Hochformat-Startseite-4.jpg&#8220; title_text=&#8220;Hochformat-Startseite-4&#8243; _builder_version=&#8220;4.27.4&#8243; _module_preset=&#8220;default&#8220; global_colors_info=&#8220;{}&#8220;][\/et_pb_image][et_pb_text _builder_version=&#8220;4.27.5&#8243; text_line_height=&#8220;2em&#8220; text_orientation=&#8220;center&#8220; max_width=&#8220;800px&#8220; module_alignment=&#8220;center&#8220; hover_enabled=&#8220;0&#8243; locked=&#8220;off&#8220; global_colors_info=&#8220;{}&#8220; header_2_line_height=&#8220;1.3em&#8220; sticky_enabled=&#8220;0&#8243;]<\/p>\n<h2 style=\"text-align: left;\">Als Zuchtbetrieb suchen wir zur Verst\u00e4rkung unseres Teams eine\/n Mitarbeiter\/in (m\/w) f\u00fcr den Stalldienst.<br \/>Wir bieten eine Halbtagsstelle in Festanstellung, ein tolles Team und Karrierem\u00f6glichkeiten.<br \/>Es besteht die M\u00f6glichkeit auf dem Gest\u00fct eine Wohnung zu nutzen.<\/h2>\n<p>[\/et_pb_text][et_pb_divider _builder_version=&#8220;4.27.5&#8243; _module_preset=&#8220;default&#8220; hover_enabled=&#8220;0&#8243; sticky_enabled=&#8220;0&#8243;][\/et_pb_divider][et_pb_text _builder_version=&#8220;4.21.0&#8243; _module_preset=&#8220;default&#8220; global_colors_info=&#8220;{}&#8220;]<\/p>\n<div class=\"x11i5rnm xat24cr x1mh8g0r x1vvkbs xtlvy1s x126k92a\">\n<div dir=\"auto\" style=\"text-align: start;\">Ihr <span><a tabindex=\"-1\"><\/a><\/span>Ansprechpartner ist Herr Kohl:<\/div>\n<div dir=\"auto\" style=\"text-align: start;\">Tel. 0160 90 11 11 01<\/div>\n<div dir=\"auto\" style=\"text-align: start;\"><\/div>\n<\/div>\n<div class=\"x11i5rnm xat24cr x1mh8g0r x1vvkbs xtlvy1s x126k92a\">\n<div dir=\"auto\" style=\"text-align: start;\">oder per email: <span style=\"text-decoration: underline; color: #0000ff;\"><a href=\"mailto:rkohl@gestuet-gut-muellerhof.de\" style=\"color: #0000ff; text-decoration: underline;\">rkohl@gestuet-gut-muellerhof.de<\/a><\/span><\/div>\n<\/div>\n<div class=\"x11i5rnm xat24cr x1mh8g0r x1vvkbs xtlvy1s x126k92a\">\n<div dir=\"auto\" style=\"text-align: start;\">Wir freuen uns bei Interesse auf ihre Anfrage.<\/div>\n<\/div>\n<p>[\/et_pb_text][\/et_pb_column][\/et_pb_row][\/et_pb_section]<\/p>\n","protected":false},"excerpt":{"rendered":"<p>GUT M\u00dcLLERHOF ZUR MOTTE Wir stellen ein!Mitarbeiter\/in (m\/w) fu\u0308r die\u00a0Betreuung, Pflege und das Training unserer Zuchtstuten und Fohlen.Interesse? Erstkontakt unter \u00a0Tel. 0160 \u2013 901 111 01 Mitarbeitende:r f\u00fcr Vollblutzucht &amp; Pferdebetreuung (m\/w\/d) Unser Gest\u00fct ist kein gew\u00f6hnlicher Ort. Es ist eine Zuchtst\u00e4tte f\u00fcr Vollbl\u00fcter mit Anspruch, Ruhe und Weitblick. Gro\u00dfz\u00fcgige Stallungen, weitl\u00e4ufige Naturweiden, Wasserl\u00e4ufe und [&hellip;]<\/p>\n","protected":false},"author":1,"featured_media":0,"parent":0,"menu_order":0,"comment_status":"closed","ping_status":"closed","template":"","meta":{"_acf_changed":false,"_et_pb_use_builder":"on","_et_pb_old_content":"","_et_gb_content_width":"","footnotes":""},"class_list":["post-1668","page","type-page","status-publish","hentry"],"acf":[],"_links":{"self":[{"href":"https:\/\/www.gut-muellerhof.de\/index.php?rest_route=\/wp\/v2\/pages\/1668","targetHints":{"allow":["GET"]}}],"collection":[{"href":"https:\/\/www.gut-muellerhof.de\/index.php?rest_route=\/wp\/v2\/pages"}],"about":[{"href":"https:\/\/www.gut-muellerhof.de\/index.php?rest_route=\/wp\/v2\/types\/page"}],"author":[{"embeddable":true,"href":"https:\/\/www.gut-muellerhof.de\/index.php?rest_route=\/wp\/v2\/users\/1"}],"replies":[{"embeddable":true,"href":"https:\/\/www.gut-muellerhof.de\/index.php?rest_route=%2Fwp%2Fv2%2Fcomments&post=1668"}],"version-history":[{"count":3,"href":"https:\/\/www.gut-muellerhof.de\/index.php?rest_route=\/wp\/v2\/pages\/1668\/revisions"}],"predecessor-version":[{"id":1675,"href":"https:\/\/www.gut-muellerhof.de\/index.php?rest_route=\/wp\/v2\/pages\/1668\/revisions\/1675"}],"wp:attachment":[{"href":"https:\/\/www.gut-muellerhof.de\/index.php?rest_route=%2Fwp%2Fv2%2Fmedia&parent=1668"}],"curies":[{"name":"wp","href":"https:\/\/api.w.org\/{rel}","templated":true}]}}