{"id":1488,"date":"2023-02-13T10:31:53","date_gmt":"2023-02-13T10:31:53","guid":{"rendered":"https:\/\/www.gut-muellerhof.de\/?page_id=1488"},"modified":"2023-02-13T10:53:09","modified_gmt":"2023-02-13T10:53:09","slug":"decksaison-2021","status":"publish","type":"page","link":"https:\/\/www.gut-muellerhof.de\/?page_id=1488","title":{"rendered":"Decksaison 2020"},"content":{"rendered":"\n[et_pb_section fb_built=&#8220;1&#8243; admin_label=&#8220;Header&#8220; _builder_version=&#8220;4.19.5&#8243; use_background_color_gradient=&#8220;on&#8220; background_color_gradient_stops=&#8220;rgba(31,31,38,0.88) 0%|rgba(31,31,38,0.24) 100%&#8220; background_color_gradient_overlays_image=&#8220;on&#8220; background_color_gradient_start=&#8220;rgba(31,31,38,0.88)&#8220; background_color_gradient_end=&#8220;rgba(31,31,38,0.24)&#8220; custom_padding=&#8220;0vw||0px||false|false&#8220; hover_enabled=&#8220;0&#8243; global_colors_info=&#8220;{}&#8220; theme_builder_area=&#8220;post_content&#8220; background_enable_image=&#8220;off&#8220; sticky_enabled=&#8220;0&#8243;][et_pb_row custom_padding_last_edited=&#8220;on|desktop&#8220; _builder_version=&#8220;4.19.5&#8243; use_background_color_gradient=&#8220;on&#8220; background_color_gradient_direction=&#8220;144deg&#8220; background_color_gradient_stops=&#8220;rgba(96,83,72,0.24) 0%|rgba(96,83,72,0.72) 100%&#8220; background_color_gradient_start=&#8220;rgba(96,83,72,0.24)&#8220; background_color_gradient_end=&#8220;rgba(96,83,72,0.72)&#8220; background_image=&#8220;https:\/\/www.gut-muellerhof.de\/wp-content\/uploads\/2023\/02\/Totilas-2021.jpg&#8220; parallax=&#8220;on&#8220; width=&#8220;100%&#8220; max_width=&#8220;none&#8220; module_alignment=&#8220;left&#8220; custom_margin=&#8220;0px||||false|false&#8220; custom_margin_tablet=&#8220;|auto||0px|false|false&#8220; custom_margin_last_edited=&#8220;off|desktop&#8220; custom_padding=&#8220;20vw|20px|20vw|20px|false|true&#8220; custom_padding_tablet=&#8220;16vw||16vw||true|false&#8220; custom_padding_phone=&#8220;||||false|false&#8220; hover_enabled=&#8220;0&#8243; border_color_all=&#8220;#1f1f26&#8243; border_width_right=&#8220;0vw&#8220; locked=&#8220;off&#8220; global_colors_info=&#8220;{}&#8220; theme_builder_area=&#8220;post_content&#8220; title_text=&#8220;Totilas-2021&#8243; sticky_enabled=&#8220;0&#8243;][et_pb_column type=&#8220;4_4&#8243; _builder_version=&#8220;4.16&#8243; global_colors_info=&#8220;{}&#8220; theme_builder_area=&#8220;post_content&#8220;][et_pb_text _builder_version=&#8220;4.19.5&#8243; header_font=&#8220;Prata||||||||&#8220; header_text_align=&#8220;center&#8220; header_font_size=&#8220;97px&#8220; header_line_height=&#8220;1.2em&#8220; background_layout=&#8220;dark&#8220; hover_enabled=&#8220;0&#8243; header_font_size_tablet=&#8220;60px&#8220; header_font_size_phone=&#8220;35px&#8220; header_font_size_last_edited=&#8220;on|phone&#8220; global_colors_info=&#8220;{}&#8220; theme_builder_area=&#8220;post_content&#8220; sticky_enabled=&#8220;0&#8243;]<h1>Decksaison 2020<\/h1>[\/et_pb_text][\/et_pb_column][\/et_pb_row][\/et_pb_section][et_pb_section fb_built=&#8220;1&#8243; admin_label=&#8220;Services&#8220; _builder_version=&#8220;4.16&#8243; custom_padding=&#8220;70px||56px|||&#8220; global_colors_info=&#8220;{}&#8220; title_text_tablet=&#8220;upholsterer-41&#8243; theme_builder_area=&#8220;post_content&#8220;][et_pb_row column_structure=&#8220;1_2,1_2&#8243; _builder_version=&#8220;4.16&#8243; custom_margin=&#8220;4%|auto|4%|auto|true|false&#8220; custom_padding=&#8220;||||false|false&#8220; global_colors_info=&#8220;{}&#8220; theme_builder_area=&#8220;post_content&#8220;][et_pb_column type=&#8220;1_2&#8243; _builder_version=&#8220;4.16&#8243; border_color_all=&#8220;#bea88f&#8220; global_colors_info=&#8220;{}&#8220; theme_builder_area=&#8220;post_content&#8220;][et_pb_blurb title=&#8220;TOTILAS&#8220; image=&#8220;https:\/\/www.gut-muellerhof.de\/wp-content\/uploads\/2023\/02\/Totilas-2-2021.jpg&#8220; content_max_width=&#8220;100%&#8220; _builder_version=&#8220;4.19.5&#8243; header_level=&#8220;h3&#8243; header_font=&#8220;Prata||||||||&#8220; header_font_size=&#8220;35px&#8220; header_line_height=&#8220;1.2em&#8220; text_orientation=&#8220;right&#8220; animation_style=&#8220;slide&#8220; animation_direction=&#8220;bottom&#8220; animation_duration=&#8220;700ms&#8220; animation_intensity_slide=&#8220;2%&#8220; animation=&#8220;off&#8220; hover_enabled=&#8220;0&#8243; header_font_size_tablet=&#8220;28px&#8220; header_font_size_phone=&#8220;22px&#8220; header_font_size_last_edited=&#8220;on|phone&#8220; locked=&#8220;off&#8220; global_colors_info=&#8220;{}&#8220; theme_builder_area=&#8220;post_content&#8220; title_text=&#8220;Totilas-2-2021&#8243; sticky_enabled=&#8220;0&#8243;][\/et_pb_blurb][et_pb_image src=&#8220;https:\/\/www.gut-muellerhof.de\/wp-content\/uploads\/2023\/02\/Totilas-3-2021.jpg&#8220; _builder_version=&#8220;4.19.5&#8243; _module_preset=&#8220;default&#8220; theme_builder_area=&#8220;post_content&#8220; title_text=&#8220;Totilas-3-2021&#8243; hover_enabled=&#8220;0&#8243; sticky_enabled=&#8220;0&#8243;][\/et_pb_image][\/et_pb_column][et_pb_column type=&#8220;1_2&#8243; _builder_version=&#8220;4.16&#8243; custom_padding=&#8220;||80px||false|false&#8220; global_colors_info=&#8220;{}&#8220; theme_builder_area=&#8220;post_content&#8220;][et_pb_text _builder_version=&#8220;4.19.5&#8243; header_2_font=&#8220;Prata||||||||&#8220; header_2_line_height=&#8220;1.8em&#8220; header_4_font=&#8220;|700||on|||||&#8220; header_4_text_color=&#8220;#bea88f&#8220; header_4_font_size=&#8220;12px&#8220; header_4_letter_spacing=&#8220;2.6px&#8220; header_4_line_height=&#8220;1.6em&#8220; custom_margin=&#8220;||10px|||&#8220; hover_enabled=&#8220;0&#8243; header_2_font_size_tablet=&#8220;22px&#8220; header_2_font_size_phone=&#8220;20px&#8220; header_2_font_size_last_edited=&#8220;on|phone&#8220; header_4_font_size_tablet=&#8220;&#8220; header_4_font_size_phone=&#8220;&#8220; header_4_font_size_last_edited=&#8220;on|phone&#8220; locked=&#8220;off&#8220; global_colors_info=&#8220;{}&#8220; theme_builder_area=&#8220;post_content&#8220; sticky_enabled=&#8220;0&#8243;]<h4>Vierter im WBFSH-Ranking der weltbesten Dressurvererber<\/h4>\n<h2>TOTILAS von GRIBALDI x <br \/>LOMINKA \/ GLENDALE<\/h2>[\/et_pb_text][et_pb_text _builder_version=&#8220;4.19.5&#8243; text_line_height=&#8220;2em&#8220; max_width=&#8220;350px&#8220; hover_enabled=&#8220;0&#8243; locked=&#8220;off&#8220; global_colors_info=&#8220;{}&#8220; theme_builder_area=&#8220;post_content&#8220; sticky_enabled=&#8220;0&#8243;]<p>Er hat den Sport in eine v\u00f6llig neue Dimension gef\u00fchrt \u2013 und nun gelingt ihm dies auch in der Zucht: Totilas. Seine ersten Nachkommen erreichten in Rekordzeit die gro\u00dfen Championatsb\u00fchnen und katapultierten ihn bereits auf Rang vier im WBFSH-Ranking der weltbesten Dressurvererber. Waren es bei den Olympischen Spielen 2021 von Tokio\/JPN noch drei Nachkommen, darunter der Einzelsechste Glock\u2019s Total U.S.\/Edward Gal\/NED und der Team-F\u00fcnfte Go Legend\/Marlies van Baalen\/NED, gingen bei der WM 2022 in Herning\/DEN bereits rekordverd\u00e4chtige f\u00fcnf von ihnen an den Start, wie der Teamf\u00fcnfte Torveslettens Titanium RS2\/Marieke van der Putten\/NED, der anschlie\u00dfend den Weltcup-Grand Prix von Mechelen\/BEL gewann, Birkhof\u2019s Topas FBW\/Victoria Max-Theurer\/AUT und unser Burg-Pokal- und Louisdor-Preis-Gewinner Total Hope sowie WM-Teilnehmer OLD\/Isabel Freese\/NOR. Alle drei z\u00e4hlen, genau wie der bereits genannte Glock\u2019s Total U.S. und Glock\u2019s Toto Jr. N.O.P.\/beide Edward Gal\/NED, der zweifache Dressurpferde-Vize-Weltmeister und EM-Teamf\u00fcnfte Governor-STR\/Adelinde Cornelissen\/NED, der Burg-Pokal-Vierte Top Gear OLD\/Isabel Freese, der Grand Prix-Sieger Thiago GS\/Matthias Alexander Rath, unser zweifacher Bundeschampionats-Bronzegewinner Total McLaren und der mit 370.000 Euro zweitteuerste Hannoveraner Pr\u00e4mienhengst Take That, zur Schar der \u00fcber 30 gek\u00f6rten S\u00f6hne des Totilas. Auch die Liste der internationalen Grand Prix-Sieger lie\u00dfe sich noch beliebig verl\u00e4ngern: Te Quiero SF\/ Franziska Fries\/AUT, Genuine\/Marijke van Giesen\/NED, Straight Horse Don Tamino\/Philine Brunner\/SUI und Turbo\/Sorrell Klatzko\/IRL, um hier nur einige wenige zu nennen.<\/p>[\/et_pb_text][et_pb_image src=&#8220;https:\/\/www.gut-muellerhof.de\/wp-content\/uploads\/2023\/02\/Totilas-Brand.png&#8220; title_text=&#8220;Totilas-Brand&#8220; url=&#8220;https:\/\/www.gut-muellerhof.de\/?project=deja&#8220; _builder_version=&#8220;4.19.5&#8243; _module_preset=&#8220;default&#8220; width=&#8220;77%&#8220; max_width=&#8220;18%&#8220; module_alignment=&#8220;left&#8220; hover_enabled=&#8220;0&#8243; global_colors_info=&#8220;{}&#8220; theme_builder_area=&#8220;post_content&#8220; sticky_enabled=&#8220;0&#8243;][\/et_pb_image][et_pb_text _builder_version=&#8220;4.19.4&#8243; _module_preset=&#8220;default&#8220; global_colors_info=&#8220;{}&#8220; theme_builder_area=&#8220;post_content&#8220;]<p>Mehr Informationen: <a href=\"https:\/\/schockemoehle.com\/deckstation\/hengste\/447\/san-amour?c=53\" target=\"_blank\" rel=\"noopener\">www.schoeckemoehle.com<\/a><\/p>[\/et_pb_text][et_pb_divider _builder_version=&#8220;4.19.4&#8243; _module_preset=&#8220;default&#8220; global_colors_info=&#8220;{}&#8220; theme_builder_area=&#8220;post_content&#8220;][\/et_pb_divider][et_pb_text _builder_version=&#8220;4.19.5&#8243; _module_preset=&#8220;default&#8220; hover_enabled=&#8220;0&#8243; global_colors_info=&#8220;{}&#8220; theme_builder_area=&#8220;post_content&#8220; sticky_enabled=&#8220;0&#8243;]<p><a href=\"https:\/\/www.gut-muellerhof.de\/?project=donna\">DONNA<\/a> ist die Mutter von unserem vielversprechenden <a href=\"https:\/\/www.gut-muellerhof.de\/?project=1098\">TRAJAN<\/a>, Hengst, 2021 von TOTILAS.<\/p>[\/et_pb_text][\/et_pb_column][\/et_pb_row][et_pb_row _builder_version=&#8220;4.16&#8243; _module_preset=&#8220;default&#8220; custom_padding=&#8220;0px||0px|||&#8220; global_colors_info=&#8220;{}&#8220; theme_builder_area=&#8220;post_content&#8220;][et_pb_column type=&#8220;4_4&#8243; _builder_version=&#8220;4.16&#8243; _module_preset=&#8220;default&#8220; global_colors_info=&#8220;{}&#8220; theme_builder_area=&#8220;post_content&#8220;][et_pb_divider color=&#8220;rgba(31,31,38,0.27)&#8220; _builder_version=&#8220;4.16&#8243; _module_preset=&#8220;default&#8220; custom_padding=&#8220;||0px|||&#8220; global_colors_info=&#8220;{}&#8220; theme_builder_area=&#8220;post_content&#8220;][\/et_pb_divider][\/et_pb_column][\/et_pb_row][et_pb_row _builder_version=&#8220;4.16&#8243; _module_preset=&#8220;default&#8220; custom_padding=&#8220;0px||0px|||&#8220; global_colors_info=&#8220;{}&#8220; theme_builder_area=&#8220;post_content&#8220;][et_pb_column type=&#8220;4_4&#8243; _builder_version=&#8220;4.16&#8243; _module_preset=&#8220;default&#8220; global_colors_info=&#8220;{}&#8220; theme_builder_area=&#8220;post_content&#8220;][et_pb_divider color=&#8220;rgba(31,31,38,0.27)&#8220; _builder_version=&#8220;4.16&#8243; _module_preset=&#8220;default&#8220; custom_padding=&#8220;||0px|||&#8220; global_colors_info=&#8220;{}&#8220; theme_builder_area=&#8220;post_content&#8220;][\/et_pb_divider][\/et_pb_column][\/et_pb_row][\/et_pb_section]\n","protected":false},"excerpt":{"rendered":"<p>Decksaison 2020Vierter im WBFSH-Ranking der weltbesten Dressurvererber TOTILAS von GRIBALDI x LOMINKA \/ GLENDALEEr hat den Sport in eine v\u00f6llig neue Dimension gef\u00fchrt \u2013 und nun gelingt ihm dies auch in der Zucht: Totilas. Seine ersten Nachkommen erreichten in Rekordzeit die gro\u00dfen Championatsb\u00fchnen und katapultierten ihn bereits auf Rang vier im WBFSH-Ranking der weltbesten Dressurvererber. [&hellip;]<\/p>\n","protected":false},"author":1,"featured_media":1340,"parent":0,"menu_order":0,"comment_status":"closed","ping_status":"closed","template":"","meta":{"_acf_changed":false,"_et_pb_use_builder":"on","_et_pb_old_content":"","_et_gb_content_width":"","footnotes":""},"class_list":["post-1488","page","type-page","status-publish","has-post-thumbnail","hentry"],"acf":[],"_links":{"self":[{"href":"https:\/\/www.gut-muellerhof.de\/index.php?rest_route=\/wp\/v2\/pages\/1488","targetHints":{"allow":["GET"]}}],"collection":[{"href":"https:\/\/www.gut-muellerhof.de\/index.php?rest_route=\/wp\/v2\/pages"}],"about":[{"href":"https:\/\/www.gut-muellerhof.de\/index.php?rest_route=\/wp\/v2\/types\/page"}],"author":[{"embeddable":true,"href":"https:\/\/www.gut-muellerhof.de\/index.php?rest_route=\/wp\/v2\/users\/1"}],"replies":[{"embeddable":true,"href":"https:\/\/www.gut-muellerhof.de\/index.php?rest_route=%2Fwp%2Fv2%2Fcomments&post=1488"}],"version-history":[{"count":5,"href":"https:\/\/www.gut-muellerhof.de\/index.php?rest_route=\/wp\/v2\/pages\/1488\/revisions"}],"predecessor-version":[{"id":1500,"href":"https:\/\/www.gut-muellerhof.de\/index.php?rest_route=\/wp\/v2\/pages\/1488\/revisions\/1500"}],"wp:featuredmedia":[{"embeddable":true,"href":"https:\/\/www.gut-muellerhof.de\/index.php?rest_route=\/wp\/v2\/media\/1340"}],"wp:attachment":[{"href":"https:\/\/www.gut-muellerhof.de\/index.php?rest_route=%2Fwp%2Fv2%2Fmedia&parent=1488"}],"curies":[{"name":"wp","href":"https:\/\/api.w.org\/{rel}","templated":true}]}}