{"id":1464,"date":"2022-12-27T17:03:30","date_gmt":"2022-12-27T17:03:30","guid":{"rendered":"https:\/\/www.gut-muellerhof.de\/?page_id=1464"},"modified":"2023-02-07T14:01:51","modified_gmt":"2023-02-07T14:01:51","slug":"1464-2","status":"publish","type":"page","link":"https:\/\/www.gut-muellerhof.de\/?page_id=1464","title":{"rendered":"Decksaison 2022"},"content":{"rendered":"<p>[et_pb_section fb_built=&#8220;1&#8243; admin_label=&#8220;Header&#8220; _builder_version=&#8220;4.16&#8243; use_background_color_gradient=&#8220;on&#8220; background_color_gradient_stops=&#8220;rgba(31,31,38,0.88) 0%|rgba(31,31,38,0.24) 100%&#8220; background_color_gradient_overlays_image=&#8220;on&#8220; background_color_gradient_start=&#8220;rgba(31,31,38,0.88)&#8220; background_color_gradient_end=&#8220;rgba(31,31,38,0.24)&#8220; background_image=&#8220;https:\/\/www.gut-muellerhof.de\/wp-content\/uploads\/2020\/06\/upholsterer-61.jpg&#8220; custom_padding=&#8220;0vw||0px||false|false&#8220; global_colors_info=&#8220;{}&#8220;][et_pb_row custom_padding_last_edited=&#8220;on|desktop&#8220; _builder_version=&#8220;4.19.4&#8243; use_background_color_gradient=&#8220;on&#8220; background_color_gradient_direction=&#8220;144deg&#8220; background_color_gradient_stops=&#8220;rgba(96,83,72,0.24) 0%|rgba(96,83,72,0.72) 100%&#8220; background_color_gradient_start=&#8220;rgba(96,83,72,0.24)&#8220; background_color_gradient_end=&#8220;rgba(96,83,72,0.72)&#8220; background_image=&#8220;https:\/\/www.gut-muellerhof.de\/wp-content\/uploads\/2022\/12\/SanAmourRet-12-18-10-386_1064-x-715.jpg&#8220; parallax=&#8220;on&#8220; width=&#8220;100%&#8220; max_width=&#8220;none&#8220; module_alignment=&#8220;left&#8220; custom_margin=&#8220;0px||||false|false&#8220; custom_margin_tablet=&#8220;|auto||0px|false|false&#8220; custom_margin_last_edited=&#8220;off|desktop&#8220; custom_padding=&#8220;20vw|20px|20vw|20px|false|true&#8220; custom_padding_tablet=&#8220;16vw||16vw||true|false&#8220; custom_padding_phone=&#8220;||||false|false&#8220; border_color_all=&#8220;#1f1f26&#8243; border_width_right=&#8220;0vw&#8220; locked=&#8220;off&#8220; global_colors_info=&#8220;{}&#8220;][et_pb_column type=&#8220;4_4&#8243; _builder_version=&#8220;4.16&#8243; global_colors_info=&#8220;{}&#8220;][et_pb_text _builder_version=&#8220;4.19.4&#8243; header_font=&#8220;Prata||||||||&#8220; header_text_align=&#8220;center&#8220; header_font_size=&#8220;97px&#8220; header_line_height=&#8220;1.2em&#8220; background_layout=&#8220;dark&#8220; header_font_size_tablet=&#8220;60px&#8220; header_font_size_phone=&#8220;35px&#8220; header_font_size_last_edited=&#8220;on|phone&#8220; global_colors_info=&#8220;{}&#8220;]<\/p>\n<h1>Hengste \u2013 Decksaison 2022<\/h1>\n<p>[\/et_pb_text][\/et_pb_column][\/et_pb_row][\/et_pb_section][et_pb_section fb_built=&#8220;1&#8243; admin_label=&#8220;Services&#8220; _builder_version=&#8220;4.16&#8243; custom_padding=&#8220;70px||56px|||&#8220; global_colors_info=&#8220;{}&#8220; title_text_tablet=&#8220;upholsterer-41&#8243;][et_pb_row column_structure=&#8220;1_2,1_2&#8243; _builder_version=&#8220;4.16&#8243; custom_margin=&#8220;4%|auto|4%|auto|true|false&#8220; custom_padding=&#8220;||||false|false&#8220; global_colors_info=&#8220;{}&#8220;][et_pb_column type=&#8220;1_2&#8243; _builder_version=&#8220;4.16&#8243; border_color_all=&#8220;#bea88f&#8220; global_colors_info=&#8220;{}&#8220;][et_pb_blurb title=&#8220;SAN AMOUR&#8220; image=&#8220;https:\/\/www.gut-muellerhof.de\/wp-content\/uploads\/2022\/12\/SanAmourRet-12-18-10-386_1064-x-715.jpg&#8220; content_max_width=&#8220;100%&#8220; _builder_version=&#8220;4.19.4&#8243; header_level=&#8220;h3&#8243; header_font=&#8220;Prata||||||||&#8220; header_font_size=&#8220;35px&#8220; header_line_height=&#8220;1.2em&#8220; text_orientation=&#8220;right&#8220; animation_style=&#8220;slide&#8220; animation_direction=&#8220;bottom&#8220; animation_duration=&#8220;700ms&#8220; animation_intensity_slide=&#8220;2%&#8220; animation=&#8220;off&#8220; header_font_size_tablet=&#8220;28px&#8220; header_font_size_phone=&#8220;22px&#8220; header_font_size_last_edited=&#8220;on|phone&#8220; locked=&#8220;off&#8220; global_colors_info=&#8220;{}&#8220;][\/et_pb_blurb][et_pb_video src=&#8220;https:\/\/youtu.be\/J8_TTWaQI0w&#8220; _builder_version=&#8220;4.19.4&#8243; _module_preset=&#8220;default&#8220; custom_margin=&#8220;0px||||false|false&#8220; custom_padding=&#8220;40px||||false|false&#8220; global_colors_info=&#8220;{}&#8220;][\/et_pb_video][\/et_pb_column][et_pb_column type=&#8220;1_2&#8243; _builder_version=&#8220;4.16&#8243; custom_padding=&#8220;||80px||false|false&#8220; global_colors_info=&#8220;{}&#8220;][et_pb_text _builder_version=&#8220;4.19.4&#8243; header_2_font=&#8220;Prata||||||||&#8220; header_2_line_height=&#8220;1.8em&#8220; header_4_font=&#8220;|700||on|||||&#8220; header_4_text_color=&#8220;#bea88f&#8220; header_4_font_size=&#8220;12px&#8220; header_4_letter_spacing=&#8220;2.6px&#8220; header_4_line_height=&#8220;1.6em&#8220; custom_margin=&#8220;||10px|||&#8220; header_2_font_size_tablet=&#8220;22px&#8220; header_2_font_size_phone=&#8220;20px&#8220; header_2_font_size_last_edited=&#8220;on|phone&#8220; header_4_font_size_tablet=&#8220;&#8220; header_4_font_size_phone=&#8220;&#8220; header_4_font_size_last_edited=&#8220;on|phone&#8220; locked=&#8220;off&#8220; global_colors_info=&#8220;{}&#8220;]<\/p>\n<h4>OLDENBURGER HENGST SAN AMOUR<\/h4>\n<h2>SAN AMOUR von SANDRO HIT x PUPPENFEE \/ PLAISIR d&#8217;AMOUR<\/h2>\n<p>[\/et_pb_text][et_pb_text _builder_version=&#8220;4.19.4&#8243; text_line_height=&#8220;2em&#8220; max_width=&#8220;350px&#8220; locked=&#8220;off&#8220; global_colors_info=&#8220;{}&#8220;]<\/p>\n<p>San Amour stellt Grand Prix-Pferde in Serie, wie den Olympia- und EM-Teilnehmer West Side Story OLD\/Estelle Wettstein\/SUI, den dreifachen U25-EM-Goldgewinner und Sieger im Piaff-F\u00f6rderpreis, FBW Sunfire\/Ann-Kathrin Lindner, den U25-EM-Teilnehmer Ikke-Pia vd Bergerhoeve\/Lore Vanderborne, die Weltcup-K\u00fcr-erfolgreichen Santiano R\/S\u00f6nke Rothenberger, Sacura\/Elena Sidneva\/RUS, Sun of May Life\/Regina Isachkina\/RUS, Sinclair Jason\/Christian Schumach\/AUT und Sandro d\u2019Amour\/Olga Safronova\/RUS sowie die international platzierten Soiree d\u2019 Amour OLD\/Kira Wulferding, Addict de Massa\/Anna Kasprzak\/DEN und Sorrento Sn\u00f6rri FBW\/Meike Lang. Ebenfalls zu den Grand Prix-Siegern z\u00e4hlen Science Fiction OLD\/Pia Wischerath, Surabaya M\/Carde Meyer und Harmonie von der Heide\/Hannah Cichos und Saphira Royal\/Kristina Br\u00f6ring-Sprehe, um hier nur einige zu nennen. In der Kleinen Tour des CHIO Aachen platzierte sich Die Wette\/Rodolpho Riskalla\/BRA (Parareiter). Die Nachkommen-Erfolge des San Amour I komplettieren die Dressurpferde-Vize-Weltmeisterin Samoura M, die Bundeschampioness Saniola und der Vize-Bundeschampion Stern von Afrika OLD.<\/p>\n<p>[\/et_pb_text][et_pb_image src=&#8220;https:\/\/www.gut-muellerhof.de\/wp-content\/uploads\/2022\/12\/Brandzeichen-Oldenburger.png&#8220; title_text=&#8220;Brandzeichen-Oldenburger&#8220; url=&#8220;https:\/\/www.gut-muellerhof.de\/?project=deja&#8220; _builder_version=&#8220;4.19.4&#8243; _module_preset=&#8220;default&#8220; width=&#8220;77%&#8220; max_width=&#8220;18%&#8220; module_alignment=&#8220;left&#8220; global_colors_info=&#8220;{}&#8220;][\/et_pb_image][et_pb_text _builder_version=&#8220;4.19.4&#8243; _module_preset=&#8220;default&#8220; global_colors_info=&#8220;{}&#8220;]<\/p>\n<p>Mehr Informationen: <a href=\"https:\/\/schockemoehle.com\/deckstation\/hengste\/447\/san-amour?c=53\" target=\"_blank\" rel=\"noopener\">www.schoeckemoehle.com<\/a><\/p>\n<p>[\/et_pb_text][et_pb_divider _builder_version=&#8220;4.19.4&#8243; _module_preset=&#8220;default&#8220; global_colors_info=&#8220;{}&#8220;][\/et_pb_divider][et_pb_text _builder_version=&#8220;4.19.4&#8243; _module_preset=&#8220;default&#8220; global_colors_info=&#8220;{}&#8220;]<\/p>\n<p><a href=\"https:\/\/www.gut-muellerhof.de\/?project=florica\" title=\"FLORICA\">FLORICA<\/a> tr\u00e4gt von SAN AMOUR &#8211; vielversprechendes Fohlen 2023.<\/p>\n<p>[\/et_pb_text][\/et_pb_column][\/et_pb_row][et_pb_row _builder_version=&#8220;4.16&#8243; _module_preset=&#8220;default&#8220; custom_padding=&#8220;0px||0px|||&#8220; global_colors_info=&#8220;{}&#8220;][et_pb_column type=&#8220;4_4&#8243; _builder_version=&#8220;4.16&#8243; _module_preset=&#8220;default&#8220; global_colors_info=&#8220;{}&#8220;][et_pb_divider color=&#8220;rgba(31,31,38,0.27)&#8220; _builder_version=&#8220;4.16&#8243; _module_preset=&#8220;default&#8220; custom_padding=&#8220;||0px|||&#8220; global_colors_info=&#8220;{}&#8220;][\/et_pb_divider][\/et_pb_column][\/et_pb_row][et_pb_row column_structure=&#8220;1_2,1_2&#8243; _builder_version=&#8220;4.16&#8243; custom_margin=&#8220;4%|auto|4%|auto|true|false&#8220; custom_padding=&#8220;||||false|false&#8220; global_colors_info=&#8220;{}&#8220;][et_pb_column type=&#8220;1_2&#8243; _builder_version=&#8220;4.16&#8243; border_color_all=&#8220;#bea88f&#8220; global_colors_info=&#8220;{}&#8220;][et_pb_blurb title=&#8220;SHAVALOU&#8220; image=&#8220;https:\/\/www.gut-muellerhof.de\/wp-content\/uploads\/2022\/12\/01032211n.jpg&#8220; content_max_width=&#8220;100%&#8220; _builder_version=&#8220;4.19.4&#8243; header_level=&#8220;h3&#8243; header_font=&#8220;Prata||||||||&#8220; header_font_size=&#8220;35px&#8220; header_line_height=&#8220;1.2em&#8220; text_orientation=&#8220;right&#8220; animation_style=&#8220;slide&#8220; animation_direction=&#8220;bottom&#8220; animation_duration=&#8220;700ms&#8220; animation_intensity_slide=&#8220;2%&#8220; animation=&#8220;off&#8220; header_font_size_tablet=&#8220;28px&#8220; header_font_size_phone=&#8220;22px&#8220; header_font_size_last_edited=&#8220;on|phone&#8220; locked=&#8220;off&#8220; global_colors_info=&#8220;{}&#8220;][\/et_pb_blurb][et_pb_divider _builder_version=&#8220;4.19.4&#8243; _module_preset=&#8220;default&#8220; global_colors_info=&#8220;{}&#8220;][\/et_pb_divider][et_pb_text _builder_version=&#8220;4.19.4&#8243; _module_preset=&#8220;default&#8220; global_colors_info=&#8220;{}&#8220;]<\/p>\n<p><a href=\"https:\/\/www.gut-muellerhof.de\/?project=donna\" title=\"DONNA\">DONNA<\/a> ist tragend von SHAVALOU f\u00fcr ein 2023 Fohlen.<\/p>\n<p>[\/et_pb_text][\/et_pb_column][et_pb_column type=&#8220;1_2&#8243; _builder_version=&#8220;4.16&#8243; custom_padding=&#8220;||80px||false|false&#8220; global_colors_info=&#8220;{}&#8220;][et_pb_text _builder_version=&#8220;4.19.4&#8243; header_2_font=&#8220;Prata||||||||&#8220; header_2_line_height=&#8220;1.8em&#8220; header_4_font=&#8220;|700||on|||||&#8220; header_4_text_color=&#8220;#bea88f&#8220; header_4_font_size=&#8220;12px&#8220; header_4_letter_spacing=&#8220;2.6px&#8220; header_4_line_height=&#8220;1.6em&#8220; custom_margin=&#8220;||10px|||&#8220; header_2_font_size_tablet=&#8220;22px&#8220; header_2_font_size_phone=&#8220;20px&#8220; header_2_font_size_last_edited=&#8220;on|phone&#8220; header_4_font_size_tablet=&#8220;&#8220; header_4_font_size_phone=&#8220;&#8220; header_4_font_size_last_edited=&#8220;on|phone&#8220; locked=&#8220;off&#8220; global_colors_info=&#8220;{}&#8220;]<\/p>\n<h4>TRAKEHNER HENGST SHAVALOU<\/h4>\n<h2>SHAVALOU von<br \/>FREUDENFEST x SCHWALBENSPIEL\/EXCLUSIV<\/h2>\n<p>[\/et_pb_text][et_pb_text _builder_version=&#8220;4.19.4&#8243; text_line_height=&#8220;2em&#8220; max_width=&#8220;350px&#8220; locked=&#8220;off&#8220; global_colors_info=&#8220;{}&#8220;]<\/p>\n<p>Der Pr\u00e4mienhengst der K\u00f6rung 2003 wird vom Zuchtleiter folgenderma\u00dfen beschrieben: Antrittsstark, leichtf\u00fc\u00dfig, taktbeherrscht und immer im Gleichgewicht pr\u00e4sentiert sich dieser Pr\u00e4mienhengst mit interessantem Blutanschu\u00df auf <a href=\"http:\/\/www.gestuet-haemelschenburg.de\/html\/enrico.html\" target=\"_top\" rel=\"noopener\">Enrico Caruso<\/a>. Am Sprung motiviert und mit \u00dcbersicht. Neben dem sehr guten Schritt sind im Trab und Galopp vor allem die Geschmeidigkeit und die Ergiebigkeit der Schwungentfaltung zu loben.&#8216;<\/p>\n<p>Shavalou hat ein ausgezeichnetes Interieur. Unter dem Sattel pr\u00e4sentiert er sich mit viel Schwung, Takt, Losgelassenheit und nat\u00fcrlicher Balance &#8211; dem Reiter vermittelt er ein tolles Sitzgef\u00fchl! Seinen 30-Tage Test hat er &#8211; knapp 3-j\u00e4hrig &#8211; erfolgreich in Radegast abgelegt; Noten u.a.: Charakter: 9,0, Temperament: 9,0 Leistungsbereitschaft: 8,0; Konstitution: 8,0.. Den 70-Tage Test legte er mit sehr guten Rittigkeitsnoten in Schlickau ab.<\/p>\n<p>Shavalou hat einen Dressur-Zuchtwert (FN) von 116 Punkten. Der Exterieur-Zuchtwert beziffert sich auf 131!<\/p>\n<p><b>Shavalou ist frei von WFFS !<\/b><\/p>\n<p>Seine Nachkommen beeindrucken durch ihren sehr guten Typ, gro\u00dfe Partien, korrektes Fundament mit guten Hufen, Langbeinigkeit, ihre Top-Bewegungsqualit\u00e4t und enorme Rittigkeit! Mehrfach stellte er die Sieger auf Fohlenschauen &#8211; u.a. den Sieger der Hengstfohlen beim Fohlenschampionat der Neuen Bundesl\u00e4nder.<br \/>Mit Ribanna stellte Shavalou die Siegerstute der 4j\u00e4hrigen bei der zentralen Stuteneintragung in Holstein 2014; <a href=\"http:\/\/www.gestuet-haemelschenburg.de\/html\/grac6sh.html\" target=\"_top\" rel=\"noopener\">Grace Conelly<\/a> war Siegerstute der zentralen Stuteneintragung Neue Bundesl\u00e4nder S\u00fcd und <a href=\"http:\/\/www.gestuet-haemelschenburg.de\/html\/glorisha2.html\" target=\"_top\" rel=\"noopener\">Gardema\u00df<\/a> die 2. Reservesiegerin; <a href=\"http:\/\/www.gestuet-haemelschenburg.de\/html\/kalm5sha.html\" target=\"_top\" rel=\"noopener\">Kavalou<\/a> war Reservesiegerin der zentralen Stuteneintragung in Niedersachsen.<\/p>\n<p>[\/et_pb_text][et_pb_image src=&#8220;https:\/\/www.gut-muellerhof.de\/wp-content\/uploads\/2022\/12\/Brandzeichen-Trakehner.png&#8220; title_text=&#8220;Brandzeichen-Trakehner&#8220; url=&#8220;https:\/\/www.gut-muellerhof.de\/?project=donna&#8220; _builder_version=&#8220;4.19.4&#8243; _module_preset=&#8220;default&#8220; width=&#8220;77%&#8220; max_width=&#8220;18%&#8220; module_alignment=&#8220;left&#8220; global_colors_info=&#8220;{}&#8220;][\/et_pb_image][et_pb_text _builder_version=&#8220;4.19.4&#8243; _module_preset=&#8220;default&#8220; global_colors_info=&#8220;{}&#8220;]<\/p>\n<p>Mehr Informationen: <a href=\"http:\/\/www.gestuet-haemelschenburg.de\/html\/shavalo1.html\" target=\"_blank\" rel=\"noopener\">www.gestuet-haemelschenburg.de<\/a><\/p>\n<p>[\/et_pb_text][\/et_pb_column][\/et_pb_row][et_pb_row _builder_version=&#8220;4.16&#8243; _module_preset=&#8220;default&#8220; custom_padding=&#8220;0px||0px|||&#8220; global_colors_info=&#8220;{}&#8220;][et_pb_column type=&#8220;4_4&#8243; _builder_version=&#8220;4.16&#8243; _module_preset=&#8220;default&#8220; global_colors_info=&#8220;{}&#8220;][et_pb_divider color=&#8220;rgba(31,31,38,0.27)&#8220; _builder_version=&#8220;4.16&#8243; _module_preset=&#8220;default&#8220; custom_padding=&#8220;||0px|||&#8220; global_colors_info=&#8220;{}&#8220;][\/et_pb_divider][\/et_pb_column][\/et_pb_row][et_pb_row column_structure=&#8220;1_2,1_2&#8243; _builder_version=&#8220;4.16&#8243; custom_margin=&#8220;4%|auto|4%|auto|true|false&#8220; custom_padding=&#8220;||||false|false&#8220; global_colors_info=&#8220;{}&#8220;][et_pb_column type=&#8220;1_2&#8243; _builder_version=&#8220;4.16&#8243; border_color_all=&#8220;#bea88f&#8220; global_colors_info=&#8220;{}&#8220;][et_pb_blurb title=&#8220;HAMPON XII&#8220; image=&#8220;https:\/\/www.gut-muellerhof.de\/wp-content\/uploads\/2022\/12\/hampon-xii-201906-05-736&#215;1030-1.jpg&#8220; content_max_width=&#8220;100%&#8220; _builder_version=&#8220;4.19.4&#8243; header_level=&#8220;h3&#8243; header_font=&#8220;Prata||||||||&#8220; header_font_size=&#8220;35px&#8220; header_line_height=&#8220;1.2em&#8220; text_orientation=&#8220;right&#8220; animation_style=&#8220;slide&#8220; animation_direction=&#8220;bottom&#8220; animation_duration=&#8220;700ms&#8220; animation_intensity_slide=&#8220;2%&#8220; animation=&#8220;off&#8220; header_font_size_tablet=&#8220;28px&#8220; header_font_size_phone=&#8220;22px&#8220; header_font_size_last_edited=&#8220;on|phone&#8220; locked=&#8220;off&#8220; global_colors_info=&#8220;{}&#8220;][\/et_pb_blurb][\/et_pb_column][et_pb_column type=&#8220;1_2&#8243; _builder_version=&#8220;4.16&#8243; custom_padding=&#8220;||80px||false|false&#8220; global_colors_info=&#8220;{}&#8220;][et_pb_text _builder_version=&#8220;4.19.4&#8243; header_2_font=&#8220;Prata||||||||&#8220; header_2_line_height=&#8220;1.8em&#8220; header_4_font=&#8220;|700||on|||||&#8220; header_4_text_color=&#8220;#bea88f&#8220; header_4_font_size=&#8220;12px&#8220; header_4_letter_spacing=&#8220;2.6px&#8220; header_4_line_height=&#8220;1.6em&#8220; custom_margin=&#8220;||10px|||&#8220; header_2_font_size_tablet=&#8220;22px&#8220; header_2_font_size_phone=&#8220;20px&#8220; header_2_font_size_last_edited=&#8220;on|phone&#8220; header_4_font_size_tablet=&#8220;&#8220; header_4_font_size_phone=&#8220;&#8220; header_4_font_size_last_edited=&#8220;on|phone&#8220; locked=&#8220;off&#8220; global_colors_info=&#8220;{}&#8220;]<\/p>\n<h4>PRE HENGST HAMPON XII<\/h4>\n<h2>HAMPON XII von<br \/>NORMANDO V\u00a0 x OTAN II \/JABUGO<\/h2>\n<p>[\/et_pb_text][et_pb_text _builder_version=&#8220;4.19.5&#8243; text_line_height=&#8220;2em&#8220; max_width=&#8220;350px&#8220; hover_enabled=&#8220;0&#8243; locked=&#8220;off&#8220; global_colors_info=&#8220;{}&#8220; sticky_enabled=&#8220;0&#8243;]<\/p>\n<p>Hampon ist ein ganggewaltiger, lackschwarzer Hengst mit interessanten elit\u00e4ren spanischen Blutlinien. Sein Name ist schwer ins Deutsche zu \u00fcbersetzten, es k\u00f6nnte \u201ePoser\u201c bedeuten, was auch seinem Erscheinungsbild entspricht. Mit seinem Stockma\u00df von 1:60 und akzentuiertem Geb\u00e4ude beeindruckt er auf den ersten Blick mit absoluter Pers\u00f6nlichkeit, die dem Betrachter zun\u00e4chst zur Demut bittet. Akzeptiert der Hengst diesen Menschen, \u00fcberrascht er mit au\u00dfergew\u00f6hnlicher Menschenbezogenheit, Klarheit und einer fein ausbalancierter Gutm\u00fctigkeit, die auf gegenseitigem Respekt beruht. Er ist sehr fein und gelehrig im Umgang. Trotz alter spanischer Blutlinien l\u00e4uft er auf der Vorhand nicht im Campaneo, ein seitliches Ausschwingen der Vorderbeine. Das hatten spanische Z\u00fcchter im 17.- 18. Jahrhundert\u00a0 eingez\u00fcchtet, weil es in der Barockzeit als \u00e4u\u00dferst schick galt, wenn ein Pferd so lief. Dieses Zuchtziel wurde von der ANCCE als nicht ideal bezeichnet \u2013 f\u00fcr die heutige Zeit.<\/p>\n<p>Hampon ist bei der ANCCE eingetragen und gek\u00f6rt, sowie beim ZfdP gelistet und als Veredler zugelassen. <strong>Er ist ein homozygoter Rappe mit dem seltenen PERL Gen.<\/strong><br \/>Der Gencode ist\u00a0 ggEEaaccPrichch<\/p>\n<p>[\/et_pb_text][et_pb_divider _builder_version=&#8220;4.19.4&#8243; _module_preset=&#8220;default&#8220; global_colors_info=&#8220;{}&#8220;][\/et_pb_divider][et_pb_text _builder_version=&#8220;4.19.4&#8243; _module_preset=&#8220;default&#8220; global_colors_info=&#8220;{}&#8220;]<\/p>\n<p><a href=\"https:\/\/www.gut-muellerhof.de\/?post_type=project&amp;p=718\" title=\"TRIANA\">TRIANA<\/a> ist f\u00fcr ein 2023 Fohlen tragend von HAMPON XII.<\/p>\n<p>[\/et_pb_text][et_pb_divider _builder_version=&#8220;4.19.4&#8243; _module_preset=&#8220;default&#8220; global_colors_info=&#8220;{}&#8220;][\/et_pb_divider][et_pb_text _builder_version=&#8220;4.19.5&#8243; _module_preset=&#8220;default&#8220; hover_enabled=&#8220;0&#8243; sticky_enabled=&#8220;0&#8243;]<\/p>\n<p>Stammbaum:<\/p>\n<p>Vater: Normando V von Generoso XXXI x Destacada \/ JALEOSO Vx Generosa XIII aus der Destacada \/ Umero x MESTUCA.<\/p>\n<p>Mutter: Otan II von JABUGO \/ Iberico III aus der Nabina \/ Halcon x Heroina Iv<\/p>\n<p>[\/et_pb_text][\/et_pb_column][\/et_pb_row][et_pb_row _builder_version=&#8220;4.16&#8243; _module_preset=&#8220;default&#8220; custom_padding=&#8220;0px||0px|||&#8220; global_colors_info=&#8220;{}&#8220;][et_pb_column type=&#8220;4_4&#8243; _builder_version=&#8220;4.16&#8243; _module_preset=&#8220;default&#8220; global_colors_info=&#8220;{}&#8220;][et_pb_divider color=&#8220;rgba(31,31,38,0.27)&#8220; _builder_version=&#8220;4.16&#8243; _module_preset=&#8220;default&#8220; custom_padding=&#8220;||0px|||&#8220; global_colors_info=&#8220;{}&#8220;][\/et_pb_divider][\/et_pb_column][\/et_pb_row][\/et_pb_section]<\/p>\n","protected":false},"excerpt":{"rendered":"<p>Hengste \u2013 Decksaison 2022OLDENBURGER HENGST SAN AMOUR SAN AMOUR von SANDRO HIT x PUPPENFEE \/ PLAISIR d&#8217;AMOURSan Amour stellt Grand Prix-Pferde in Serie, wie den Olympia- und EM-Teilnehmer West Side Story OLD\/Estelle Wettstein\/SUI, den dreifachen U25-EM-Goldgewinner und Sieger im Piaff-F\u00f6rderpreis, FBW Sunfire\/Ann-Kathrin Lindner, den U25-EM-Teilnehmer Ikke-Pia vd Bergerhoeve\/Lore Vanderborne, die Weltcup-K\u00fcr-erfolgreichen Santiano R\/S\u00f6nke Rothenberger, Sacura\/Elena [&hellip;]<\/p>\n","protected":false},"author":1,"featured_media":0,"parent":0,"menu_order":0,"comment_status":"closed","ping_status":"closed","template":"","meta":{"_acf_changed":false,"_et_pb_use_builder":"on","_et_pb_old_content":"","_et_gb_content_width":"","footnotes":""},"class_list":["post-1464","page","type-page","status-publish","hentry"],"acf":[],"_links":{"self":[{"href":"https:\/\/www.gut-muellerhof.de\/index.php?rest_route=\/wp\/v2\/pages\/1464","targetHints":{"allow":["GET"]}}],"collection":[{"href":"https:\/\/www.gut-muellerhof.de\/index.php?rest_route=\/wp\/v2\/pages"}],"about":[{"href":"https:\/\/www.gut-muellerhof.de\/index.php?rest_route=\/wp\/v2\/types\/page"}],"author":[{"embeddable":true,"href":"https:\/\/www.gut-muellerhof.de\/index.php?rest_route=\/wp\/v2\/users\/1"}],"replies":[{"embeddable":true,"href":"https:\/\/www.gut-muellerhof.de\/index.php?rest_route=%2Fwp%2Fv2%2Fcomments&post=1464"}],"version-history":[{"count":8,"href":"https:\/\/www.gut-muellerhof.de\/index.php?rest_route=\/wp\/v2\/pages\/1464\/revisions"}],"predecessor-version":[{"id":1487,"href":"https:\/\/www.gut-muellerhof.de\/index.php?rest_route=\/wp\/v2\/pages\/1464\/revisions\/1487"}],"wp:attachment":[{"href":"https:\/\/www.gut-muellerhof.de\/index.php?rest_route=%2Fwp%2Fv2%2Fmedia&parent=1464"}],"curies":[{"name":"wp","href":"https:\/\/api.w.org\/{rel}","templated":true}]}}